{"id":12160,"date":"2018-03-29T09:10:04","date_gmt":"2018-03-29T07:10:04","guid":{"rendered":"https:\/\/www.k8s.stage.smartsteuer.dev\/online\/?page_id=12160"},"modified":"2025-02-27T11:30:31","modified_gmt":"2025-02-27T09:30:31","slug":"impressum","status":"publish","type":"page","link":"https:\/\/www.k8s.stage.smartsteuer.dev\/online\/impressum\/","title":{"rendered":"Impressum"},"content":{"rendered":"<p>Bei den Internet-Angeboten unter smartsteuer.de handelt es sich um den Auftritt der smartsteuer GmbH aus Hannover. Die Verantwortlichkeiten und Nutzungsbedingungen f\u00fcr die einzelnen Bereiche unserer Seite entnehmen Sie bitte den nachfolgenden Impressumsangaben. Bei Fragen hierzu sprechen Sie uns bitte an.<\/p>\n<h4>Angaben gem\u00e4\u00df \u00a7 5 TMG<\/h4>\n<p>smartsteuer GmbH<\/p>\n<p><a href=\"https:\/\/goo.gl\/maps\/BSDVTNoswBiQy7zZ7\"><i class=\"fa fa-map-marker mr-2\" aria-hidden=\"true\"><\/i> \u00a0Drostestra\u00dfe 16, 30161 Hannover<\/a><br \/>\n<a href=\"mailto:hilfe@smartsteuer.de\"><i class=\"fa fa-at mr-2\"><\/i> hilfe@smartsteuer.de<\/a><br \/>\n<a href=\"https:\/\/www.k8s.stage.smartsteuer.dev\/online\/\"><i class=\"fa fa-globe mr-2\"><\/i> www.k8s.stage.smartsteuer.dev<\/a><br \/>\n<a href=\"tel:+4908007238222\"><i class=\"fas fa-phone-alt mr-2\"><\/i> 0800 7238222<\/a> (Kein Support \u2013 Hilfsangebote finden Sie unter: <a href=\"https:\/\/www.k8s.stage.smartsteuer.dev\/online\/hilfe-2\/\">smartsteuer.de\/hilfe<\/a>)<\/p>\n<h4>Redaktionell Verantwortlicher<\/h4>\n<p>Stefan Heine<\/p>\n<h4>Gesch\u00e4ftsf\u00fchrer<\/h4>\n<p>Stefan Heine, Eike Hirsch<\/p>\n<h4>Handelsregister<\/h4>\n<p>Amtsgericht Hannover<br \/>\nHRB 200898<br \/>\nUSt-IdNr.: DE245989326<\/p>\n<h4>smartsteuer GmbH<\/h4>\n<p>Die smartsteuer GmbH ist verantwortlich f\u00fcr die inhaltliche Betreuung und den Produkt-Verkauf. Das Ziel der smartsteuer GmbH ist es, Steuerzahler mit einem schnellen, einfachen und sicheren Online-Produkt bei der Erstellung ihrer Steuererkl\u00e4rung zu begleiten. Das Unternehmen aus Hannover besch\u00e4ftigt 46 Mitarbeiter und geh\u00f6rt als Mehrheitsbeteiligung zur Haufe-Lexware GmbH &amp; Co. KG, einem Unternehmen der Haufe Gruppe.<\/p>\n<p>Verwendete Allgemeine Gesch\u00e4ftsbedingungen: Wir arbeiten auf Basis unserer <a href=\"https:\/\/www.k8s.stage.smartsteuer.dev\/online\/agb\/\">Allgemeinen Gesch\u00e4ftsbedingungen.<\/a><\/p>\n<h4>Informationen zur Online-Streitbeilegung<\/h4>\n<p>Informationen zur Online-Streitbeilegung: Die Europ\u00e4ische Kommission hat unter <a href=\"https:\/\/ec.europa.eu\/consumers\/odr\/\">https:\/\/ec.europa.eu\/consumers\/odr<\/a> eine Europ\u00e4ische Online-Streitbeilegungsplattform (OS-Plattform) errichtet. Die OS-Plattform kann ein Verbraucher f\u00fcr die au\u00dfergerichtliche Beilegung einer Streitigkeit aus Online-Vertr\u00e4gen mit einem in der EU niedergelassenen Unternehmen nutzen. Hinweis gem. \u00a7 36 VSBG (Verbraucherstreitbeilegungsgesetz): An einem Streitbeilegungsverfahren vor einer Verbraucherschlichtungsstelle wird nicht teilgenommen.<\/p>\n","protected":false},"excerpt":{"rendered":"<p>Bei den Internet-Angeboten unter smartsteuer.de handelt es sich um den Auftritt der smartsteuer GmbH aus Hannover. Die Verantwortlichkeiten und Nutzungsbedingungen f\u00fcr die einzelnen Bereiche unserer Seite entnehmen Sie bitte den nachfolgenden Impressumsangaben. Bei Fragen hierzu sprechen Sie uns bitte an. Angaben gem\u00e4\u00df \u00a7 5 TMG smartsteuer GmbH \u00a0Drostestra\u00dfe 16, 30161 Hannover hilfe@smartsteuer.de www.k8s.stage.smartsteuer.dev 0800 7238222 [&hellip;]<\/p>\n","protected":false},"author":20,"featured_media":0,"parent":0,"menu_order":0,"comment_status":"closed","ping_status":"closed","template":"legal.php","meta":{"_acf_changed":false,"footnotes":""},"class_list":["post-12160","page","type-page","status-publish","hentry"],"acf":[],"yoast_head":"<!-- This site is optimized with the Yoast SEO Premium plugin v21.0 (Yoast SEO v27.4) - https:\/\/yoast.com\/product\/yoast-seo-premium-wordpress\/ -->\n<title>Impressum - smartsteuer<\/title>\n<meta name=\"description\" content=\"Impressum - smartsteuer\" \/>\n<meta name=\"robots\" content=\"noindex, follow\" \/>\n<meta property=\"og:locale\" content=\"de_DE\" \/>\n<meta property=\"og:type\" content=\"article\" \/>\n<meta property=\"og:title\" content=\"Impressum\" \/>\n<meta property=\"og:description\" content=\"Impressum - smartsteuer\" \/>\n<meta property=\"og:url\" content=\"https:\/\/www.k8s.stage.smartsteuer.dev\/online\/impressum\/\" \/>\n<meta property=\"og:site_name\" content=\"smartsteuer\" \/>\n<meta property=\"article:publisher\" content=\"https:\/\/de-de.facebook.com\/smartsteuer\/\" \/>\n<meta property=\"article:modified_time\" content=\"2025-02-27T09:30:31+00:00\" \/>\n<meta name=\"twitter:card\" content=\"summary_large_image\" \/>\n<meta name=\"twitter:site\" content=\"@smartsteuer\" \/>\n<meta name=\"twitter:label1\" content=\"Gesch\u00e4tzte Lesezeit\" \/>\n\t<meta name=\"twitter:data1\" content=\"2\u00a0Minuten\" \/>\n<script type=\"application\/ld+json\" class=\"yoast-schema-graph\">{\"@context\":\"https:\\\/\\\/schema.org\",\"@graph\":[{\"@type\":\"WebPage\",\"@id\":\"https:\\\/\\\/www.k8s.stage.smartsteuer.dev\\\/online\\\/impressum\\\/\",\"url\":\"https:\\\/\\\/www.k8s.stage.smartsteuer.dev\\\/online\\\/impressum\\\/\",\"name\":\"Impressum - smartsteuer\",\"isPartOf\":{\"@id\":\"https:\\\/\\\/www.smartsteuer.de\\\/online\\\/#website\"},\"datePublished\":\"2018-03-29T07:10:04+00:00\",\"dateModified\":\"2025-02-27T09:30:31+00:00\",\"description\":\"Impressum - smartsteuer\",\"breadcrumb\":{\"@id\":\"https:\\\/\\\/www.k8s.stage.smartsteuer.dev\\\/online\\\/impressum\\\/#breadcrumb\"},\"inLanguage\":\"de\",\"potentialAction\":[{\"@type\":\"ReadAction\",\"target\":[\"https:\\\/\\\/www.k8s.stage.smartsteuer.dev\\\/online\\\/impressum\\\/\"]}]},{\"@type\":\"BreadcrumbList\",\"@id\":\"https:\\\/\\\/www.k8s.stage.smartsteuer.dev\\\/online\\\/impressum\\\/#breadcrumb\",\"itemListElement\":[{\"@type\":\"ListItem\",\"position\":1,\"name\":\"Home\",\"item\":\"https:\\\/\\\/www.k8s.stage.smartsteuer.dev\\\/online\\\/\"},{\"@type\":\"ListItem\",\"position\":2,\"name\":\"Impressum\"}]},{\"@type\":\"WebSite\",\"@id\":\"https:\\\/\\\/www.smartsteuer.de\\\/online\\\/#website\",\"url\":\"https:\\\/\\\/www.smartsteuer.de\\\/online\\\/\",\"name\":\"smartsteuer\",\"description\":\"Steuererkl\u00e4rung 2021 online machen &amp; Steuern sparen\",\"publisher\":{\"@id\":\"https:\\\/\\\/www.smartsteuer.de\\\/online\\\/#organization\"},\"potentialAction\":[{\"@type\":\"SearchAction\",\"target\":{\"@type\":\"EntryPoint\",\"urlTemplate\":\"https:\\\/\\\/www.smartsteuer.de\\\/online\\\/?s={search_term_string}\"},\"query-input\":{\"@type\":\"PropertyValueSpecification\",\"valueRequired\":true,\"valueName\":\"search_term_string\"}}],\"inLanguage\":\"de\"},{\"@type\":\"Organization\",\"@id\":\"https:\\\/\\\/www.smartsteuer.de\\\/online\\\/#organization\",\"name\":\"smartsteuer GmbH\",\"url\":\"https:\\\/\\\/www.smartsteuer.de\\\/online\\\/\",\"logo\":{\"@type\":\"ImageObject\",\"inLanguage\":\"de\",\"@id\":\"https:\\\/\\\/www.smartsteuer.de\\\/online\\\/#\\\/schema\\\/logo\\\/image\\\/\",\"url\":\"https:\\\/\\\/www.k8s.stage.smartsteuer.dev\\\/online\\\/wp-content\\\/uploads\\\/2018\\\/10\\\/smartsteuer-logo.png\",\"contentUrl\":\"https:\\\/\\\/www.k8s.stage.smartsteuer.dev\\\/online\\\/wp-content\\\/uploads\\\/2018\\\/10\\\/smartsteuer-logo.png\",\"width\":250,\"height\":94,\"caption\":\"smartsteuer GmbH\"},\"image\":{\"@id\":\"https:\\\/\\\/www.smartsteuer.de\\\/online\\\/#\\\/schema\\\/logo\\\/image\\\/\"},\"sameAs\":[\"https:\\\/\\\/de-de.facebook.com\\\/smartsteuer\\\/\",\"https:\\\/\\\/x.com\\\/smartsteuer\",\"https:\\\/\\\/www.youtube.com\\\/channel\\\/UCu02GkFNrMRzwysT2SEmNrQ\"]}]}<\/script>\n<!-- \/ Yoast SEO Premium plugin. -->","yoast_head_json":{"title":"Impressum - smartsteuer","description":"Impressum - smartsteuer","robots":{"index":"noindex","follow":"follow"},"og_locale":"de_DE","og_type":"article","og_title":"Impressum","og_description":"Impressum - smartsteuer","og_url":"https:\/\/www.k8s.stage.smartsteuer.dev\/online\/impressum\/","og_site_name":"smartsteuer","article_publisher":"https:\/\/de-de.facebook.com\/smartsteuer\/","article_modified_time":"2025-02-27T09:30:31+00:00","twitter_card":"summary_large_image","twitter_site":"@smartsteuer","twitter_misc":{"Gesch\u00e4tzte Lesezeit":"2\u00a0Minuten"},"schema":{"@context":"https:\/\/schema.org","@graph":[{"@type":"WebPage","@id":"https:\/\/www.k8s.stage.smartsteuer.dev\/online\/impressum\/","url":"https:\/\/www.k8s.stage.smartsteuer.dev\/online\/impressum\/","name":"Impressum - smartsteuer","isPartOf":{"@id":"https:\/\/www.smartsteuer.de\/online\/#website"},"datePublished":"2018-03-29T07:10:04+00:00","dateModified":"2025-02-27T09:30:31+00:00","description":"Impressum - smartsteuer","breadcrumb":{"@id":"https:\/\/www.k8s.stage.smartsteuer.dev\/online\/impressum\/#breadcrumb"},"inLanguage":"de","potentialAction":[{"@type":"ReadAction","target":["https:\/\/www.k8s.stage.smartsteuer.dev\/online\/impressum\/"]}]},{"@type":"BreadcrumbList","@id":"https:\/\/www.k8s.stage.smartsteuer.dev\/online\/impressum\/#breadcrumb","itemListElement":[{"@type":"ListItem","position":1,"name":"Home","item":"https:\/\/www.k8s.stage.smartsteuer.dev\/online\/"},{"@type":"ListItem","position":2,"name":"Impressum"}]},{"@type":"WebSite","@id":"https:\/\/www.smartsteuer.de\/online\/#website","url":"https:\/\/www.smartsteuer.de\/online\/","name":"smartsteuer","description":"Steuererkl\u00e4rung 2021 online machen &amp; Steuern sparen","publisher":{"@id":"https:\/\/www.smartsteuer.de\/online\/#organization"},"potentialAction":[{"@type":"SearchAction","target":{"@type":"EntryPoint","urlTemplate":"https:\/\/www.smartsteuer.de\/online\/?s={search_term_string}"},"query-input":{"@type":"PropertyValueSpecification","valueRequired":true,"valueName":"search_term_string"}}],"inLanguage":"de"},{"@type":"Organization","@id":"https:\/\/www.smartsteuer.de\/online\/#organization","name":"smartsteuer GmbH","url":"https:\/\/www.smartsteuer.de\/online\/","logo":{"@type":"ImageObject","inLanguage":"de","@id":"https:\/\/www.smartsteuer.de\/online\/#\/schema\/logo\/image\/","url":"https:\/\/www.k8s.stage.smartsteuer.dev\/online\/wp-content\/uploads\/2018\/10\/smartsteuer-logo.png","contentUrl":"https:\/\/www.k8s.stage.smartsteuer.dev\/online\/wp-content\/uploads\/2018\/10\/smartsteuer-logo.png","width":250,"height":94,"caption":"smartsteuer GmbH"},"image":{"@id":"https:\/\/www.smartsteuer.de\/online\/#\/schema\/logo\/image\/"},"sameAs":["https:\/\/de-de.facebook.com\/smartsteuer\/","https:\/\/x.com\/smartsteuer","https:\/\/www.youtube.com\/channel\/UCu02GkFNrMRzwysT2SEmNrQ"]}]}},"_links":{"self":[{"href":"https:\/\/www.k8s.stage.smartsteuer.dev\/online\/wp-json\/wp\/v2\/pages\/12160","targetHints":{"allow":["GET"]}}],"collection":[{"href":"https:\/\/www.k8s.stage.smartsteuer.dev\/online\/wp-json\/wp\/v2\/pages"}],"about":[{"href":"https:\/\/www.k8s.stage.smartsteuer.dev\/online\/wp-json\/wp\/v2\/types\/page"}],"author":[{"embeddable":true,"href":"https:\/\/www.k8s.stage.smartsteuer.dev\/online\/wp-json\/wp\/v2\/users\/20"}],"replies":[{"embeddable":true,"href":"https:\/\/www.k8s.stage.smartsteuer.dev\/online\/wp-json\/wp\/v2\/comments?post=12160"}],"version-history":[{"count":59,"href":"https:\/\/www.k8s.stage.smartsteuer.dev\/online\/wp-json\/wp\/v2\/pages\/12160\/revisions"}],"predecessor-version":[{"id":70106,"href":"https:\/\/www.k8s.stage.smartsteuer.dev\/online\/wp-json\/wp\/v2\/pages\/12160\/revisions\/70106"}],"wp:attachment":[{"href":"https:\/\/www.k8s.stage.smartsteuer.dev\/online\/wp-json\/wp\/v2\/media?parent=12160"}],"curies":[{"name":"wp","href":"https:\/\/api.w.org\/{rel}","templated":true}]}}