{"id":13518,"date":"2018-06-22T12:44:03","date_gmt":"2018-06-22T10:44:03","guid":{"rendered":"https:\/\/www.k8s.stage.smartsteuer.dev\/online\/?page_id=13518"},"modified":"2023-12-14T19:09:17","modified_gmt":"2023-12-14T17:09:17","slug":"musterbriefe-und-vorlagen","status":"publish","type":"page","link":"https:\/\/www.k8s.stage.smartsteuer.dev\/online\/musterbriefe-und-vorlagen\/","title":{"rendered":"Musterbriefe und Vorlagen"},"content":{"rendered":"<div class=\"sui-sheet-wrapper\">\n\t<section class=\"lb-section sui-sheet--up-flat sui-sheet-padding-flat sui-theme-bright\">\n\t\t<div class=\"sui-container \">\n\t\t\t<\/p>\n<h1>Musterbriefe und Vorlagen<\/h1>\n<p>Hier stellt Ihnen smartsteuer ausgew\u00e4hlte Musterbriefe und Vorlagen zur Verf\u00fcgung. Die Musterbriefe erleichtern die Kommunikation mit dem Finanzamt und helfen bei der Formulierung von Anschreiben. Alle Musterbriefe und Vorlagen stehen als PDF- und Word-Dokument zur Verf\u00fcgung. Felder, die durch Ihre pers\u00f6nlichen Angaben zu ersetzen sind, haben wir kursiv markiert und mit eckigen Klammern versehen.<\/p>\n<p>\n\t\t<\/div>\n\t<\/section>\n<\/div>\n<div class=\"sui-sheet-wrapper\">\n\t<section class=\"lb-section sui-sheet--up-flat sui-sheet-padding-flat sui-theme-bright\">\n\t\t<div class=\"sui-container \">\n\t\t\t<\/p>\n<p><div class=\"sui-accordion\" id=\"sui-accordion-169e374a70eb66\"><\/p>\n<h2>Einkommensteuererkl\u00e4rung<\/h2>\n<p><h3 class=\"sui-accordion-title\">Eigenbeleg ohne Beispiel<\/h3><div class=\"sui-accordion-item \"><\/p>\n<p>Diese Mustervorlage hilft, wenn keine Belege f\u00fcr die Anschaffungskosten von gekauften Artikeln vorliegen. Enth\u00e4lt \u00fcbersichtlich alle Inhalte eines Eigenbelegs.<\/p>\n<p><a href=\"https:\/\/www.k8s.stage.smartsteuer.dev\/online\/wp-content\/uploads\/2021\/01\/Eigenbeleg.pdf\"><img decoding=\"async\" class=\"mx-2\" style=\"border-radius: 0;\" src=\"https:\/\/www.k8s.stage.smartsteuer.dev\/online\/wp-content\/uploads\/2018\/06\/file-pdf.png\" width=\"30\" \/><\/a><\/p>\n<p><\/div><\/p>\n<p><h3 class=\"sui-accordion-title\">Musterschreiben zum Einspruch<\/h3><div class=\"sui-accordion-item \"><\/p>\n<p>Mit diesem Musterschreiben k\u00f6nnen Sie schnell und einfach Einspruch gegen ihren Einkommensteuerbescheid beim Finanzamt einlegen.<\/p>\n<p><a href=\"https:\/\/www.k8s.stage.smartsteuer.dev\/online\/wp-content\/uploads\/2020\/03\/Musterschreiben_Einspruch.pdf\"><img decoding=\"async\" class=\"mx-2\" style=\"border-radius: 0;\" src=\"https:\/\/www.k8s.stage.smartsteuer.dev\/online\/wp-content\/uploads\/2018\/06\/file-pdf.png\" width=\"30\" \/><\/a><a href=\"https:\/\/www.k8s.stage.smartsteuer.dev\/online\/wp-content\/uploads\/2020\/03\/Musterschreiben_Einspruch.docx\"><img decoding=\"async\" class=\"mx-2\" style=\"border-radius: 0;\" src=\"https:\/\/www.k8s.stage.smartsteuer.dev\/online\/wp-content\/uploads\/2018\/06\/file-word.png\" width=\"30\" \/><\/a><\/p>\n<p><\/div><\/p>\n<p><h3 class=\"sui-accordion-title\">Musterschreiben zur Bankkonto-\u00c4nderung<\/h3><div class=\"sui-accordion-item \"><\/p>\n<p>Mit diesem Musterschreiben k\u00f6nnen Sie ihr zust\u00e4ndiges Finanzamt auf eine neue Kontoverbindung aufmerksam machen.<\/p>\n<p><a href=\"https:\/\/www.k8s.stage.smartsteuer.dev\/online\/wp-content\/uploads\/2020\/03\/Musterschreiben_Bank%C3%A4nderung.pdf\"><img decoding=\"async\" class=\"mx-2\" style=\"border-radius: 0;\" src=\"https:\/\/www.k8s.stage.smartsteuer.dev\/online\/wp-content\/uploads\/2018\/06\/file-pdf.png\" width=\"30\" \/><\/a><a href=\"https:\/\/www.k8s.stage.smartsteuer.dev\/online\/wp-content\/uploads\/2020\/03\/Musterschreiben_Bank%C3%A4nderung.docx\"><img decoding=\"async\" class=\"mx-2\" style=\"border-radius: 0;\" src=\"https:\/\/www.k8s.stage.smartsteuer.dev\/online\/wp-content\/uploads\/2018\/06\/file-word.png\" width=\"30\" \/><\/a><\/p>\n<p><\/div><\/p>\n<p><h3 class=\"sui-accordion-title\">Fristverl\u00e4ngerung ohne Beispiele<\/h3><div class=\"sui-accordion-item \"><\/p>\n<p>Musterschreiben enth\u00e4lt alle wichtigen Angaben f\u00fcr die Bitte um eine Fristverl\u00e4ngerung beim Finanzamt und l\u00e4sst Raum f\u00fcr eine eigene Begr\u00fcndung.<\/p>\n<p><a href=\"https:\/\/www.k8s.stage.smartsteuer.dev\/online\/wp-content\/uploads\/2020\/03\/Musterschreiben_Fristverl%C3%A4ngerung.pdf\"><img decoding=\"async\" class=\"mx-2\" style=\"border-radius: 0;\" src=\"https:\/\/www.k8s.stage.smartsteuer.dev\/online\/wp-content\/uploads\/2018\/06\/file-pdf.png\" width=\"30\" \/><\/a><a href=\"https:\/\/www.k8s.stage.smartsteuer.dev\/online\/wp-content\/uploads\/2020\/03\/Musterschreiben_Fristverl%C3%A4ngerung.docx\"><img decoding=\"async\" class=\"mx-2\" style=\"border-radius: 0;\" src=\"https:\/\/www.k8s.stage.smartsteuer.dev\/online\/wp-content\/uploads\/2018\/06\/file-word.png\" width=\"30\" \/><\/a><\/p>\n<p><\/div><\/p>\n<p><h3 class=\"sui-accordion-title\">Musterschreiben zur Ratenzahlung<\/h3><div class=\"sui-accordion-item \"><\/p>\n<p>Kann die Steuernachforderung auf der Steuerbescheinigung nicht in einem Betrag beglichen werden, hilft dieses Musterschreiben zur Ratenzahlung an das Finanzamt.<\/p>\n<p><a href=\"https:\/\/www.k8s.stage.smartsteuer.dev\/online\/wp-content\/uploads\/2020\/03\/Musterschreiben_Ratenzahlung.pdf\"><img decoding=\"async\" class=\"mx-2\" style=\"border-radius: 0;\" src=\"https:\/\/www.k8s.stage.smartsteuer.dev\/online\/wp-content\/uploads\/2018\/06\/file-pdf.png\" width=\"30\" \/><\/a><a href=\"https:\/\/www.k8s.stage.smartsteuer.dev\/online\/wp-content\/uploads\/2020\/03\/Musterschreiben_Ratenzahlung.pdf\"><img decoding=\"async\" class=\"mx-2\" style=\"border-radius: 0;\" src=\"https:\/\/www.k8s.stage.smartsteuer.dev\/online\/wp-content\/uploads\/2018\/06\/file-word.png\" width=\"30\" \/><\/a><\/p>\n<p><\/div><\/p>\n<p><h3 class=\"sui-accordion-title\">Antrag auf Stundung<\/h3><div class=\"sui-accordion-item \"><\/p>\n<p>Droht eine hohe Steuernachzahlung, kann das Finanzamt unter Umst\u00e4nden eine Stundung der Schulden gew\u00e4hren.<\/p>\n<p><a href=\"https:\/\/www.k8s.stage.smartsteuer.dev\/online\/wp-content\/uploads\/2020\/03\/Musterschreiben_Stundung.pdf\"><img decoding=\"async\" class=\"mx-2\" style=\"border-radius: 0;\" src=\"https:\/\/www.k8s.stage.smartsteuer.dev\/online\/wp-content\/uploads\/2018\/06\/file-pdf.png\" width=\"30\" \/><\/a><a href=\"https:\/\/www.k8s.stage.smartsteuer.dev\/online\/wp-content\/uploads\/2020\/03\/Musterschreiben_Stundung.docx\"><img decoding=\"async\" class=\"mx-2\" style=\"border-radius: 0;\" src=\"https:\/\/www.k8s.stage.smartsteuer.dev\/online\/wp-content\/uploads\/2018\/06\/file-word.png\" width=\"30\" \/><\/a><\/p>\n<p><\/div><\/p>\n<p><h3 class=\"sui-accordion-title\">Antrag auf Herabsetzung der Vorauszahlungen<\/h3><div class=\"sui-accordion-item \"><\/p>\n<p>Hat das Finanzamt Vorauszahlungen festgesetzt, kann ein Antrag auf Herabsetzung geschrieben werden. Die Gr\u00fcnde f\u00fcr die voraussichtlichen Gewinneinbr\u00fcche wie der Wegfall eines Auftrages sind darzulegen.<\/p>\n<p><a href=\"https:\/\/www.k8s.stage.smartsteuer.dev\/online\/wp-content\/uploads\/2020\/03\/Musterschreiben_Herabsetzung.pdf\"><img decoding=\"async\" class=\"mx-2\" style=\"border-radius: 0;\" src=\"https:\/\/www.k8s.stage.smartsteuer.dev\/online\/wp-content\/uploads\/2018\/06\/file-pdf.png\" width=\"30\" \/><\/a><a href=\"https:\/\/www.k8s.stage.smartsteuer.dev\/online\/wp-content\/uploads\/2020\/03\/Musterschreiben_Herabsetzung.docx\"><img decoding=\"async\" class=\"mx-2\" style=\"border-radius: 0;\" src=\"https:\/\/www.k8s.stage.smartsteuer.dev\/online\/wp-content\/uploads\/2018\/06\/file-word.png\" width=\"30\" \/><\/a><\/p>\n<p><\/div><\/p>\n<p><h3 class=\"sui-accordion-title\">Stand der Bearbeitung<\/h3><div class=\"sui-accordion-item \"><\/p>\n<p>Stand der Bearbeitung: Sie k\u00f6nnen jederzeit telefonisch oder schriftlich bei Ihrem Finanzamt nachfragen, wie der Stand bei der Bearbeitung Ihrer Steuererkl\u00e4rung ist.<\/p>\n<p><a href=\"https:\/\/www.k8s.stage.smartsteuer.dev\/online\/wp-content\/uploads\/2020\/03\/Musterschreiben_Bearbeitungsstand.pdf\"><img decoding=\"async\" class=\"mx-2\" style=\"border-radius: 0;\" src=\"https:\/\/www.k8s.stage.smartsteuer.dev\/online\/wp-content\/uploads\/2018\/06\/file-pdf.png\" width=\"30\" \/><\/a><a href=\"https:\/\/www.k8s.stage.smartsteuer.dev\/online\/wp-content\/uploads\/2020\/03\/Musterschreiben_Bearbeitungsstand.docx\"><img decoding=\"async\" class=\"mx-2\" style=\"border-radius: 0;\" src=\"https:\/\/www.k8s.stage.smartsteuer.dev\/online\/wp-content\/uploads\/2018\/06\/file-word.png\" width=\"30\" \/><\/a><\/p>\n<p><\/div><\/p>\n<p><h3 class=\"sui-accordion-title\">\u00c4nderung\/Erg\u00e4nzung der eingereichten Unterlagen<\/h3><div class=\"sui-accordion-item \"><\/p>\n<p>Sind Unterlagen zur bereits eingereichten Steuererkl\u00e4rung nachzusenden, k\u00f6nnen Sie diese mit einem kurzen Anschreiben nachreichen.<\/p>\n<p><a href=\"https:\/\/www.k8s.stage.smartsteuer.dev\/online\/wp-content\/uploads\/2020\/03\/Musterschreiben_%C3%84nderung.pdf\"><img decoding=\"async\" class=\"mx-2\" style=\"border-radius: 0;\" src=\"https:\/\/www.k8s.stage.smartsteuer.dev\/online\/wp-content\/uploads\/2018\/06\/file-pdf.png\" width=\"30\" \/><\/a><a href=\"https:\/\/www.k8s.stage.smartsteuer.dev\/online\/wp-content\/uploads\/2020\/03\/Musterschreiben_%C3%84nderung.docx\"><img decoding=\"async\" class=\"mx-2\" style=\"border-radius: 0;\" src=\"https:\/\/www.k8s.stage.smartsteuer.dev\/online\/wp-content\/uploads\/2018\/06\/file-word.png\" width=\"30\" \/><\/a><\/p>\n<p><\/div><\/p>\n<p><h3 class=\"sui-accordion-title\">R\u00fccknahme der Einkommensteuererkl\u00e4rung<\/h3><div class=\"sui-accordion-item \"><\/p>\n<p>F\u00fchrt eine freiwillig abgegebene Steuererkl\u00e4rung unerwartet zu einer Nachzahlung, k\u00f6nnen Sie die Erkl\u00e4rung zur\u00fccknehmen.<\/p>\n<p><a href=\"https:\/\/www.k8s.stage.smartsteuer.dev\/online\/wp-content\/uploads\/2020\/03\/Musterschreiben_R%C3%BCcknahme.pdf\"><img decoding=\"async\" class=\"mx-2\" style=\"border-radius: 0;\" src=\"https:\/\/www.k8s.stage.smartsteuer.dev\/online\/wp-content\/uploads\/2018\/06\/file-pdf.png\" width=\"30\" \/><\/a><a href=\"https:\/\/www.k8s.stage.smartsteuer.dev\/online\/wp-content\/uploads\/2020\/03\/Musterschreiben_R%C3%BCcknahme.docx\"><img decoding=\"async\" class=\"mx-2\" style=\"border-radius: 0;\" src=\"https:\/\/www.k8s.stage.smartsteuer.dev\/online\/wp-content\/uploads\/2018\/06\/file-word.png\" width=\"30\" \/><\/a><\/p>\n<p><\/div><\/p>\n<p><h3 class=\"sui-accordion-title\">Empfangsvollmacht<\/h3><div class=\"sui-accordion-item \"><\/p>\n<p>Mit dieser Vorlage k\u00f6nnen Sie Ihren Steuerbescheid an einen Empfangsbevollm\u00e4chtigten senden lassen.<\/p>\n<p><a href=\"https:\/\/www.k8s.stage.smartsteuer.dev\/online\/wp-content\/uploads\/2020\/03\/Empfangsvollmacht.pdf\"><img decoding=\"async\" class=\"mx-2\" style=\"border-radius: 0;\" src=\"https:\/\/www.k8s.stage.smartsteuer.dev\/online\/wp-content\/uploads\/2018\/06\/file-pdf.png\" width=\"30\" \/><\/a><\/p>\n<p><\/div><\/p>\n<p><h3 class=\"sui-accordion-title\">Musterantrag Photovoltaikanlage<\/h3><div class=\"sui-accordion-item \"><\/p>\n<p>Mit dieser Vorlage k\u00f6nnen Sie die Nutzung der Vereinfachungsregelung f\u00fcr die Photovoltaikanlage bei Ihrem Finanzamt geltend machen.<\/p>\n<p><a href=\"https:\/\/www.k8s.stage.smartsteuer.dev\/online\/wp-content\/uploads\/2021\/09\/Musterantrag_Photovoltaik.docx\"><img decoding=\"async\" class=\"mx-2\" style=\"border-radius: 0;\" src=\"https:\/\/www.k8s.stage.smartsteuer.dev\/online\/wp-content\/uploads\/2018\/06\/file-word.png\" width=\"30\" \/><\/a><a href=\"https:\/\/www.k8s.stage.smartsteuer.dev\/online\/wp-content\/uploads\/2021\/09\/Musterantrag_Photovoltaik.pdf\"><img decoding=\"async\" class=\"mx-2\" style=\"border-radius: 0;\" src=\"https:\/\/www.k8s.stage.smartsteuer.dev\/online\/wp-content\/uploads\/2018\/06\/file-pdf.png\" width=\"30\" \/><\/a><\/p>\n<p><\/div><\/p>\n<p><h3 class=\"sui-accordion-title\">Abtretungsanzeige<\/h3><div class=\"sui-accordion-item \"><\/p>\n<p>Mit dieser Vorlage k\u00f6nnen Sie ihre Steuererstattungen, die Sie vom zust\u00e4ndigen Finanzamt erhalten werden, an Dritte abtreten.<\/p>\n<p><a href=\"https:\/\/www.k8s.stage.smartsteuer.dev\/online\/wp-content\/uploads\/2020\/03\/Abtretungsanzeige-und-Verpf%C3%A4ndungsanzeige.pdf\"><img decoding=\"async\" class=\"mx-2\" style=\"border-radius: 0;\" src=\"https:\/\/www.k8s.stage.smartsteuer.dev\/online\/wp-content\/uploads\/2018\/06\/file-pdf.png\" width=\"30\" \/><\/a><\/p>\n<p><\/div><\/p>\n<p><\/div>\n\t\t<\/div>\n\t<\/section>\n<\/div>\n<div class=\"sui-sheet-wrapper\">\n\t<section class=\"lb-section sui-sheet--up-flat sui-sheet-padding-flat sui-theme-bright\">\n\t\t<div class=\"sui-container \">\n\t\t\t<\/p>\n<p><div class=\"sui-accordion\" id=\"sui-accordion-169e374a70ec20\"><\/p>\n<h2>Grundsteuererkl\u00e4rung<\/h2>\n<p><h3 class=\"sui-accordion-title\">Musterschreiben zum Einspruch<\/h3><div class=\"sui-accordion-item \"><\/p>\n<p>Mit diesem Musterschreiben k\u00f6nnen Sie schnell und einfach Einspruch gegen ihren Grundsteuerwert oder den Grundsteuermessbetrag beim Finanzamt einlegen. Die <a href=\"https:\/\/www.k8s.stage.smartsteuer.dev\/online\/grundsteuer-produkt\/\">Grundsteuererkl\u00e4rung<\/a> k\u00f6nnen Sie bei uns Online machen.<\/p>\n<p><a href=\"https:\/\/www.k8s.stage.smartsteuer.dev\/online\/wp-content\/uploads\/2023\/03\/Grundsteuer-Einspruch_Musterschreiben_2023.docx\"><img decoding=\"async\" class=\"mx-2\" style=\"border-radius: 0;\" src=\"https:\/\/www.k8s.stage.smartsteuer.dev\/online\/wp-content\/uploads\/2018\/06\/file-word.png\" width=\"30\" \/><\/a><\/p>\n<p><\/div><\/p>\n<p><\/div><\/p>\n<p>\n\t\t<\/div>\n\t<\/section>\n<\/div>\n<div class=\"sui-sheet-wrapper\">\n\t<section class=\"lb-section sui-sheet--up-flat sui-sheet-padding-flat sui-theme-electric sui-theme-box-2\">\n\t\t<div class=\"sui-container \">\n\t\t\t<\/p>\n<h2>Machen Sie es sich einfach:<\/h2>\n<p>Berechnen Sie jetzt kostenlos, wie viel Sie vom Finanzamt erstattet bekommen und zahlen Sie erst bei Abgabe.<\/p>\n<p><a class='sui-button-cta mt-2 sui-button-xlarge' href='https:\/\/osca.k8s.stage.smartsteuer.dev\/service-redirect.html?myExternal=lb_default' role='button'>\n\tJetzt Steuererkl\u00e4rung starten\t\n<\/a><\/p>\n<p>\n\t\t<\/div>\n\t<\/section>\n<\/div>\n","protected":false},"excerpt":{"rendered":"","protected":false},"author":20,"featured_media":0,"parent":0,"menu_order":0,"comment_status":"closed","ping_status":"closed","template":"landingpage-template.php","meta":{"_acf_changed":false,"footnotes":""},"class_list":["post-13518","page","type-page","status-publish","hentry"],"acf":[],"yoast_head":"<!-- This site is optimized with the Yoast SEO Premium plugin v21.0 (Yoast SEO v27.4) - https:\/\/yoast.com\/product\/yoast-seo-premium-wordpress\/ -->\n<title>Musterbriefe und Vorlagen - smartsteuer<\/title>\n<meta name=\"description\" content=\"Musterbriefe und Vorlagen - smartsteuer\" \/>\n<meta name=\"robots\" content=\"noindex, follow\" \/>\n<meta property=\"og:locale\" content=\"de_DE\" \/>\n<meta property=\"og:type\" content=\"article\" \/>\n<meta property=\"og:title\" content=\"Musterbriefe und Vorlagen\" \/>\n<meta property=\"og:description\" content=\"Musterbriefe und Vorlagen - smartsteuer\" \/>\n<meta property=\"og:url\" content=\"https:\/\/www.k8s.stage.smartsteuer.dev\/online\/musterbriefe-und-vorlagen\/\" \/>\n<meta property=\"og:site_name\" content=\"smartsteuer\" \/>\n<meta property=\"article:publisher\" content=\"https:\/\/de-de.facebook.com\/smartsteuer\/\" \/>\n<meta property=\"article:modified_time\" content=\"2023-12-14T17:09:17+00:00\" \/>\n<meta property=\"og:image\" content=\"https:\/\/www.k8s.stage.smartsteuer.dev\/online\/wp-content\/uploads\/2018\/06\/file-pdf.png\" \/>\n<meta name=\"twitter:card\" content=\"summary_large_image\" \/>\n<meta name=\"twitter:site\" content=\"@smartsteuer\" \/>\n<meta name=\"twitter:label1\" content=\"Gesch\u00e4tzte Lesezeit\" \/>\n\t<meta name=\"twitter:data1\" content=\"8\u00a0Minuten\" \/>\n<script type=\"application\/ld+json\" class=\"yoast-schema-graph\">{\"@context\":\"https:\\\/\\\/schema.org\",\"@graph\":[{\"@type\":\"WebPage\",\"@id\":\"https:\\\/\\\/www.k8s.stage.smartsteuer.dev\\\/online\\\/musterbriefe-und-vorlagen\\\/\",\"url\":\"https:\\\/\\\/www.k8s.stage.smartsteuer.dev\\\/online\\\/musterbriefe-und-vorlagen\\\/\",\"name\":\"Musterbriefe und Vorlagen - smartsteuer\",\"isPartOf\":{\"@id\":\"https:\\\/\\\/www.smartsteuer.de\\\/online\\\/#website\"},\"primaryImageOfPage\":{\"@id\":\"https:\\\/\\\/www.k8s.stage.smartsteuer.dev\\\/online\\\/musterbriefe-und-vorlagen\\\/#primaryimage\"},\"image\":{\"@id\":\"https:\\\/\\\/www.k8s.stage.smartsteuer.dev\\\/online\\\/musterbriefe-und-vorlagen\\\/#primaryimage\"},\"thumbnailUrl\":\"https:\\\/\\\/www.k8s.stage.smartsteuer.dev\\\/online\\\/wp-content\\\/uploads\\\/2018\\\/06\\\/file-pdf.png\",\"datePublished\":\"2018-06-22T10:44:03+00:00\",\"dateModified\":\"2023-12-14T17:09:17+00:00\",\"description\":\"Musterbriefe und Vorlagen - smartsteuer\",\"breadcrumb\":{\"@id\":\"https:\\\/\\\/www.k8s.stage.smartsteuer.dev\\\/online\\\/musterbriefe-und-vorlagen\\\/#breadcrumb\"},\"inLanguage\":\"de\",\"potentialAction\":[{\"@type\":\"ReadAction\",\"target\":[\"https:\\\/\\\/www.k8s.stage.smartsteuer.dev\\\/online\\\/musterbriefe-und-vorlagen\\\/\"]}]},{\"@type\":\"ImageObject\",\"inLanguage\":\"de\",\"@id\":\"https:\\\/\\\/www.k8s.stage.smartsteuer.dev\\\/online\\\/musterbriefe-und-vorlagen\\\/#primaryimage\",\"url\":\"https:\\\/\\\/www.k8s.stage.smartsteuer.dev\\\/online\\\/wp-content\\\/uploads\\\/2018\\\/06\\\/file-pdf.png\",\"contentUrl\":\"https:\\\/\\\/www.k8s.stage.smartsteuer.dev\\\/online\\\/wp-content\\\/uploads\\\/2018\\\/06\\\/file-pdf.png\",\"width\":40,\"height\":53},{\"@type\":\"BreadcrumbList\",\"@id\":\"https:\\\/\\\/www.k8s.stage.smartsteuer.dev\\\/online\\\/musterbriefe-und-vorlagen\\\/#breadcrumb\",\"itemListElement\":[{\"@type\":\"ListItem\",\"position\":1,\"name\":\"Home\",\"item\":\"https:\\\/\\\/www.k8s.stage.smartsteuer.dev\\\/online\\\/\"},{\"@type\":\"ListItem\",\"position\":2,\"name\":\"Musterbriefe und Vorlagen\"}]},{\"@type\":\"WebSite\",\"@id\":\"https:\\\/\\\/www.smartsteuer.de\\\/online\\\/#website\",\"url\":\"https:\\\/\\\/www.smartsteuer.de\\\/online\\\/\",\"name\":\"smartsteuer\",\"description\":\"Steuererkl\u00e4rung 2021 online machen &amp; Steuern sparen\",\"publisher\":{\"@id\":\"https:\\\/\\\/www.smartsteuer.de\\\/online\\\/#organization\"},\"potentialAction\":[{\"@type\":\"SearchAction\",\"target\":{\"@type\":\"EntryPoint\",\"urlTemplate\":\"https:\\\/\\\/www.smartsteuer.de\\\/online\\\/?s={search_term_string}\"},\"query-input\":{\"@type\":\"PropertyValueSpecification\",\"valueRequired\":true,\"valueName\":\"search_term_string\"}}],\"inLanguage\":\"de\"},{\"@type\":\"Organization\",\"@id\":\"https:\\\/\\\/www.smartsteuer.de\\\/online\\\/#organization\",\"name\":\"smartsteuer GmbH\",\"url\":\"https:\\\/\\\/www.smartsteuer.de\\\/online\\\/\",\"logo\":{\"@type\":\"ImageObject\",\"inLanguage\":\"de\",\"@id\":\"https:\\\/\\\/www.smartsteuer.de\\\/online\\\/#\\\/schema\\\/logo\\\/image\\\/\",\"url\":\"https:\\\/\\\/www.k8s.stage.smartsteuer.dev\\\/online\\\/wp-content\\\/uploads\\\/2018\\\/10\\\/smartsteuer-logo.png\",\"contentUrl\":\"https:\\\/\\\/www.k8s.stage.smartsteuer.dev\\\/online\\\/wp-content\\\/uploads\\\/2018\\\/10\\\/smartsteuer-logo.png\",\"width\":250,\"height\":94,\"caption\":\"smartsteuer GmbH\"},\"image\":{\"@id\":\"https:\\\/\\\/www.smartsteuer.de\\\/online\\\/#\\\/schema\\\/logo\\\/image\\\/\"},\"sameAs\":[\"https:\\\/\\\/de-de.facebook.com\\\/smartsteuer\\\/\",\"https:\\\/\\\/x.com\\\/smartsteuer\",\"https:\\\/\\\/www.youtube.com\\\/channel\\\/UCu02GkFNrMRzwysT2SEmNrQ\"]}]}<\/script>\n<!-- \/ Yoast SEO Premium plugin. -->","yoast_head_json":{"title":"Musterbriefe und Vorlagen - smartsteuer","description":"Musterbriefe und Vorlagen - smartsteuer","robots":{"index":"noindex","follow":"follow"},"og_locale":"de_DE","og_type":"article","og_title":"Musterbriefe und Vorlagen","og_description":"Musterbriefe und Vorlagen - smartsteuer","og_url":"https:\/\/www.k8s.stage.smartsteuer.dev\/online\/musterbriefe-und-vorlagen\/","og_site_name":"smartsteuer","article_publisher":"https:\/\/de-de.facebook.com\/smartsteuer\/","article_modified_time":"2023-12-14T17:09:17+00:00","og_image":[{"url":"https:\/\/www.k8s.stage.smartsteuer.dev\/online\/wp-content\/uploads\/2018\/06\/file-pdf.png","type":"","width":"","height":""}],"twitter_card":"summary_large_image","twitter_site":"@smartsteuer","twitter_misc":{"Gesch\u00e4tzte Lesezeit":"8\u00a0Minuten"},"schema":{"@context":"https:\/\/schema.org","@graph":[{"@type":"WebPage","@id":"https:\/\/www.k8s.stage.smartsteuer.dev\/online\/musterbriefe-und-vorlagen\/","url":"https:\/\/www.k8s.stage.smartsteuer.dev\/online\/musterbriefe-und-vorlagen\/","name":"Musterbriefe und Vorlagen - smartsteuer","isPartOf":{"@id":"https:\/\/www.smartsteuer.de\/online\/#website"},"primaryImageOfPage":{"@id":"https:\/\/www.k8s.stage.smartsteuer.dev\/online\/musterbriefe-und-vorlagen\/#primaryimage"},"image":{"@id":"https:\/\/www.k8s.stage.smartsteuer.dev\/online\/musterbriefe-und-vorlagen\/#primaryimage"},"thumbnailUrl":"https:\/\/www.k8s.stage.smartsteuer.dev\/online\/wp-content\/uploads\/2018\/06\/file-pdf.png","datePublished":"2018-06-22T10:44:03+00:00","dateModified":"2023-12-14T17:09:17+00:00","description":"Musterbriefe und Vorlagen - smartsteuer","breadcrumb":{"@id":"https:\/\/www.k8s.stage.smartsteuer.dev\/online\/musterbriefe-und-vorlagen\/#breadcrumb"},"inLanguage":"de","potentialAction":[{"@type":"ReadAction","target":["https:\/\/www.k8s.stage.smartsteuer.dev\/online\/musterbriefe-und-vorlagen\/"]}]},{"@type":"ImageObject","inLanguage":"de","@id":"https:\/\/www.k8s.stage.smartsteuer.dev\/online\/musterbriefe-und-vorlagen\/#primaryimage","url":"https:\/\/www.k8s.stage.smartsteuer.dev\/online\/wp-content\/uploads\/2018\/06\/file-pdf.png","contentUrl":"https:\/\/www.k8s.stage.smartsteuer.dev\/online\/wp-content\/uploads\/2018\/06\/file-pdf.png","width":40,"height":53},{"@type":"BreadcrumbList","@id":"https:\/\/www.k8s.stage.smartsteuer.dev\/online\/musterbriefe-und-vorlagen\/#breadcrumb","itemListElement":[{"@type":"ListItem","position":1,"name":"Home","item":"https:\/\/www.k8s.stage.smartsteuer.dev\/online\/"},{"@type":"ListItem","position":2,"name":"Musterbriefe und Vorlagen"}]},{"@type":"WebSite","@id":"https:\/\/www.smartsteuer.de\/online\/#website","url":"https:\/\/www.smartsteuer.de\/online\/","name":"smartsteuer","description":"Steuererkl\u00e4rung 2021 online machen &amp; Steuern sparen","publisher":{"@id":"https:\/\/www.smartsteuer.de\/online\/#organization"},"potentialAction":[{"@type":"SearchAction","target":{"@type":"EntryPoint","urlTemplate":"https:\/\/www.smartsteuer.de\/online\/?s={search_term_string}"},"query-input":{"@type":"PropertyValueSpecification","valueRequired":true,"valueName":"search_term_string"}}],"inLanguage":"de"},{"@type":"Organization","@id":"https:\/\/www.smartsteuer.de\/online\/#organization","name":"smartsteuer GmbH","url":"https:\/\/www.smartsteuer.de\/online\/","logo":{"@type":"ImageObject","inLanguage":"de","@id":"https:\/\/www.smartsteuer.de\/online\/#\/schema\/logo\/image\/","url":"https:\/\/www.k8s.stage.smartsteuer.dev\/online\/wp-content\/uploads\/2018\/10\/smartsteuer-logo.png","contentUrl":"https:\/\/www.k8s.stage.smartsteuer.dev\/online\/wp-content\/uploads\/2018\/10\/smartsteuer-logo.png","width":250,"height":94,"caption":"smartsteuer GmbH"},"image":{"@id":"https:\/\/www.smartsteuer.de\/online\/#\/schema\/logo\/image\/"},"sameAs":["https:\/\/de-de.facebook.com\/smartsteuer\/","https:\/\/x.com\/smartsteuer","https:\/\/www.youtube.com\/channel\/UCu02GkFNrMRzwysT2SEmNrQ"]}]}},"_links":{"self":[{"href":"https:\/\/www.k8s.stage.smartsteuer.dev\/online\/wp-json\/wp\/v2\/pages\/13518","targetHints":{"allow":["GET"]}}],"collection":[{"href":"https:\/\/www.k8s.stage.smartsteuer.dev\/online\/wp-json\/wp\/v2\/pages"}],"about":[{"href":"https:\/\/www.k8s.stage.smartsteuer.dev\/online\/wp-json\/wp\/v2\/types\/page"}],"author":[{"embeddable":true,"href":"https:\/\/www.k8s.stage.smartsteuer.dev\/online\/wp-json\/wp\/v2\/users\/20"}],"replies":[{"embeddable":true,"href":"https:\/\/www.k8s.stage.smartsteuer.dev\/online\/wp-json\/wp\/v2\/comments?post=13518"}],"version-history":[{"count":41,"href":"https:\/\/www.k8s.stage.smartsteuer.dev\/online\/wp-json\/wp\/v2\/pages\/13518\/revisions"}],"predecessor-version":[{"id":53467,"href":"https:\/\/www.k8s.stage.smartsteuer.dev\/online\/wp-json\/wp\/v2\/pages\/13518\/revisions\/53467"}],"wp:attachment":[{"href":"https:\/\/www.k8s.stage.smartsteuer.dev\/online\/wp-json\/wp\/v2\/media?parent=13518"}],"curies":[{"name":"wp","href":"https:\/\/api.w.org\/{rel}","templated":true}]}}