{"id":1756,"date":"2015-07-31T07:31:10","date_gmt":"2015-07-31T05:31:10","guid":{"rendered":"https:\/\/www.k8s.stage.smartsteuer.dev\/online\/?page_id=1756"},"modified":"2025-12-11T20:56:28","modified_gmt":"2025-12-11T18:56:28","slug":"steuerjahr-waehlen","status":"publish","type":"page","link":"https:\/\/www.k8s.stage.smartsteuer.dev\/online\/steuerjahr-waehlen\/","title":{"rendered":"Steuerjahr w\u00e4hlen"},"content":{"rendered":"<div class=\"sui-sheet-wrapper\">\n\t<section class=\"lb-section sui-sheet--up-flat sui-sheet-padding-flat sui-theme-bright\">\n\t\t<div class=\"sui-container \">\n\t\t\t<\/p>\n<h2>Deine Fragen zur Wahl des Steuerjahres:<\/h2>\n<p><div class=\"sui-accordion\" id=\"sui-accordion-169f4a88926bc8\"><\/p>\n<p><h3 class=\"sui-accordion-title\">Kann ich einen Steuerfall aus einem fr\u00fcheren Steuerjahr in ein neues Steuerjahr \u00fcbertragen?<\/h3><div class=\"sui-accordion-item \"><\/p>\n<div class=\"sui-accordion-panel\">\n<div class=\"sui-accordion-panel-content\">\n<p>Selbstverst\u00e4ndlich! Gehe in der Anwendung in das Jahr, f\u00fcr das Du eine Steuererkl\u00e4rung erstellen m\u00f6chtest, und klicke auf \u00bbMeine Steuerf\u00e4lle\u00ab. W\u00e4hle hier den betreffenden Fall aus dem Vorjahr aus und klicke auf \u00bbNach 202X \u00fcbertragen\u00ab. In dem sich \u00f6ffnenden Dialog vergibst Du einen aussagekr\u00e4ftigen Namen f\u00fcr den neuen Fall und klickst \u00bb\u00dcbertragen\u00ab.<\/p>\n<\/div>\n<\/div>\n<p><\/div><\/p>\n<p><h3 class=\"sui-accordion-title\">Wie lange kann ich Steuererkl\u00e4rungen f\u00fcr fr\u00fchere Steuerjahre erstellen?<\/h3><div class=\"sui-accordion-item \"><\/p>\n<p>Wenn Du zur Abgabe Deiner Steuererkl\u00e4rung nicht verpflichtet bist, kannst Du freiwillig eine Erkl\u00e4rung f\u00fcr die 4 zur\u00fcckliegenden Steuerjahre abgeben.<\/p>\n<p><\/div><\/p>\n<p><\/div><\/p>\n<p>\n\t\t<\/div>\n\t<\/section>\n<\/div>\n\n<!-- Desktop -->\n<div class=\"sui-sheet-wrapper\">\n\t<section class=\"lb-section lb-seals sui-sheet--up-flat sui-sheet-padding-flat sui-theme-bright\">\n\n\t\t<div>\n\n\t\t\t<div class=\"sui-container\">\n\t\t\t\t<h2>\n\t\t\t\t\tMehrfach getestet<br>und f\u00fcr \n\t\t\t\t\t<strong style=\"color:var(--sui-color-electric-600); font-weight: inherit\">\u00bbsehr gut\u00ab<\/strong>\n\t\t\t\t\tbefunden.\n\t\t\t\t<\/h2>\n\t\t\t<\/div>\n\n\t\t\t<div class=\"sui-container px-lg-6 d-none d-md-block\">\n\n\t\t\t\t<div class=\"row align-items-center px-6 mt-5\">\n\n\t\t\t\t\t<div class=\"col-sm px-2 px-xl-5\">\n\t\t\t\t\t\t<a href=\"https:\/\/smartsteuer-mrk.objectstorage.fes.cloud.syseleven.net\/zertifikate\/Zertifikat_SHiG_digital_smartsteuer_GmbH.PDF\"\n\t\t\t\t\t\t\ttitle=\"Made (and hosted) in Germany\"\n\t\t\t\t\t\t\ttarget=\"_blank\">\n\t\t\t\t\t\t\t<img decoding=\"async\" src=\"\n\t\t\t\t\t\t\thttps:\/\/www.k8s.stage.smartsteuer.dev\/online\/wp-content\/plugins\/plugin-landingpagebuilder\/src\/elements\/seals\/\t\t\t\t\t\t\timg\/logo-shig.webp\" style=\"width:90%;\"\n\t\t\t\t\t\t\t\talt=\"Hosted in germany\">\n\t\t\t\t\t\t<\/a>\n\t\t\t\t\t<\/div>\n\n\t\t\t\t\t<div class=\"col-sm px-2 px-xl-4\">\n\t\t\t\t\t\t<a href=\"https:\/\/finanzwissen.de\/erfahrungen\/smartsteuer\/\"\n\t\t\t\t\t\t\ttitle=\"Erfahrungen & Bewertungen zu smartsteuer GmbH anzeigen\" target=\"_blank\"\n\t\t\t\t\t\t\tstyle=\"text-decoration:none;\">\n\t\t\t\t\t\t\t<img decoding=\"async\" src=\"\n\t\t\t\t\t\t\thttps:\/\/www.k8s.stage.smartsteuer.dev\/online\/wp-content\/plugins\/plugin-landingpagebuilder\/src\/elements\/seals\/\t\t\t\t\t\t\timg\/seal-finanzwissen.webp\"\n\t\t\t\t\t\t\t\talt=\"Finanzwissen\"\/>\n\t\t\t\t\t\t<\/a>\n\t\t\t\t\t<\/div>\n\n\t\t\t\t\t<div class=\"col-sm px-2 px-xl-5\">\n\t\t\t\t\t\t<a href=\"https:\/\/www.tuv-saar.com\/certificates\/46535\" target=\"_blank\">\n\t\t\t\t\t\t\t<img decoding=\"async\" src=\"\n\t\t\t\t\t\t\thttps:\/\/www.k8s.stage.smartsteuer.dev\/online\/wp-content\/plugins\/plugin-landingpagebuilder\/src\/elements\/seals\/\t\t\t\t\t\t\timg\/tuev-saarland-datenschutz.svg\"\n\t\t\t\t\t\t\t\talt=\"T\u00dcV Saarland Datenschutz\"\/>\n\t\t\t\t\t\t<\/a>\n\t\t\t\t\t<\/div>\n\n\t\t\t\t<\/div>\n\t\t\t<\/div>\n\n\t\t\t<!-- Mobile -->\n\n\t\t\t<div class=\"sui-container px-0 d-block d-md-none\">\n\n\t\t\t\t<div class=\"sui-swiper\">\n\n\t\t\t\t\t<div class=\"sui-swiper-slide\" style=\"height: 200px;\">\n\t\t\t\t\t\t<div class=\"d-flex align-items-center\">\n\t\t\t\t\t\t\t<div class=\"flex-1 px-1 pr-sm-2 pl-sm-4\">\n\t\t\t\t\t\t\t\t<a target=\"_blank\" href=\"https:\/\/www.tuv-saar.com\/certificates\/46535\">\n\t\t\t\t\t\t\t\t\t<img\n\t\t\t\t\t\t\t\t\t\tsrc=\"https:\/\/www.k8s.stage.smartsteuer.dev\/online\/wp-content\/plugins\/plugin-landingpagebuilder\/src\/elements\/seals\/img\/tuev-saarland-datenschutz.svg\"\n\t\t\t\t\t\t\t\t\t\talt=\"T\u00dcV Saarland Datenschutz\" style=\"width: 100%;\"\/>\n\t\t\t\t\t\t\t\t<\/a>\n\t\t\t\t\t\t\t<\/div>\n\t\t\t\t\t\t\t<div class=\"flex-1 px-1 pr-sm-4 pl-sm-4\">\n\t\t\t\t\t\t\t\t<a href=\"https:\/\/finanzwissen.de\/erfahrungen\/smartsteuer\/\"\n\t\t\t\t\t\t\t\t\ttitle=\"Erfahrungen & Bewertungen zu smartsteuer GmbH anzeigen\" target=\"_blank\"\n\t\t\t\t\t\t\t\t\tstyle=\"text-decoration:none;\">\n\t\t\t\t\t\t\t\t\t<img decoding=\"async\" src=\"\n\t\t\t\t\t\t\t\t\thttps:\/\/www.k8s.stage.smartsteuer.dev\/online\/wp-content\/plugins\/plugin-landingpagebuilder\/src\/elements\/seals\/\t\t\t\t\t\t\t\t\timg\/seal-finanzwissen.webp\"\n\t\t\t\t\t\t\t\t\t\talt=\"Finanzwissen\"\/>\n\t\t\t\t\t\t\t\t<\/a>\n\t\t\t\t\t\t\t<\/div>\n\t\t\t\t\t\t<\/div>\n\t\t\t\t\t<\/div>\n\n\t\t\t\t\t<div class=\"sui-swiper-slide\" style=\"height: 200px;\">\n\t\t\t\t\t\t<div class=\"d-flex flex-1 justify-content-center px-2 px-sm-5\">\n\t\t\t\t\t\t\t<a target=\"_blank\" href=\"https:\/\/smartsteuer-mrk.objectstorage.fes.cloud.syseleven.net\/zertifikate\/Zertifikat_SHiG_digital_smartsteuer_GmbH.PDF\">\n\t\t\t\t\t\t\t\t<img decoding=\"async\" src=\"\n\t\t\t\t\t\t\t\t\thttps:\/\/www.k8s.stage.smartsteuer.dev\/online\/wp-content\/plugins\/plugin-landingpagebuilder\/src\/elements\/seals\/\t\t\t\t\t\t\t\t\timg\/logo-shig.webp\"\n\t\t\t\t\t\t\t\t\talt=\"Hosted in Germany\"\n\t\t\t\t\t\t\t\t\tstyle=\"max-height: 200px;\"\/>\n\t\t\t\t\t\t\t<\/a>\n\t\t\t\t\t\t<\/div>\n\t\t\t\t\t<\/div>\n\n\t\t\t\t<\/div>\n\t\t\t<\/div>\n\n\t\t<\/div>\n\n\t<\/section>\n<\/div>\n<div class=\"sui-sheet-wrapper\">\n\t<section class=\"lb-section sui-sheet--up-flat sui-sheet-padding-flat sui-theme-electric sui-theme-box-2\">\n\t\t<div class=\"sui-container \">\n\t\t\t<\/p>\n<h2>Wie viel gibt\u2019s f\u00fcr Dich zur\u00fcck?<\/h2>\n<p><a class='sui-button-cta mt-2 sui-button-xlarge' href='https:\/\/osca.k8s.stage.smartsteuer.dev\/service-redirect.html?myExternal=lb_default' role='button'>\n\tJetzt ausrechnen!\t\n<\/a><\/p>\n<p>\n\t\t<\/div>\n\t<\/section>\n<\/div>\n","protected":false},"excerpt":{"rendered":"","protected":false},"author":13,"featured_media":0,"parent":0,"menu_order":0,"comment_status":"open","ping_status":"open","template":"pages\/steuerjahr-waehlen.php","meta":{"_acf_changed":false,"footnotes":""},"class_list":["post-1756","page","type-page","status-publish","hentry"],"acf":[],"yoast_head":"<!-- This site is optimized with the Yoast SEO Premium plugin v21.0 (Yoast SEO v27.4) - https:\/\/yoast.com\/product\/yoast-seo-premium-wordpress\/ -->\n<title>Steuerjahr w\u00e4hlen - smartsteuer<\/title>\n<meta name=\"description\" content=\"Steuerjahr w\u00e4hlen - smartsteuer\" \/>\n<meta name=\"robots\" content=\"noindex, follow\" \/>\n<meta property=\"og:locale\" content=\"de_DE\" \/>\n<meta property=\"og:type\" content=\"article\" \/>\n<meta property=\"og:title\" content=\"Steuerjahr w\u00e4hlen\" \/>\n<meta property=\"og:description\" content=\"Steuerjahr w\u00e4hlen - smartsteuer\" \/>\n<meta property=\"og:url\" content=\"https:\/\/www.k8s.stage.smartsteuer.dev\/online\/\" \/>\n<meta property=\"og:site_name\" content=\"smartsteuer\" \/>\n<meta property=\"article:publisher\" content=\"https:\/\/de-de.facebook.com\/smartsteuer\/\" \/>\n<meta property=\"article:modified_time\" content=\"2025-12-11T18:56:28+00:00\" \/>\n<meta name=\"twitter:card\" content=\"summary_large_image\" \/>\n<meta name=\"twitter:site\" content=\"@smartsteuer\" \/>\n<meta name=\"twitter:label1\" content=\"Gesch\u00e4tzte Lesezeit\" \/>\n\t<meta name=\"twitter:data1\" content=\"1\u00a0Minute\" \/>\n<script type=\"application\/ld+json\" class=\"yoast-schema-graph\">{\"@context\":\"https:\\\/\\\/schema.org\",\"@graph\":[{\"@type\":\"WebPage\",\"@id\":\"https:\\\/\\\/www.k8s.stage.smartsteuer.dev\\\/online\\\/steuerjahr-waehlen\\\/\",\"url\":\"https:\\\/\\\/www.k8s.stage.smartsteuer.dev\\\/online\\\/\",\"name\":\"Steuerjahr w\u00e4hlen - smartsteuer\",\"isPartOf\":{\"@id\":\"https:\\\/\\\/www.smartsteuer.de\\\/online\\\/#website\"},\"datePublished\":\"2015-07-31T05:31:10+00:00\",\"dateModified\":\"2025-12-11T18:56:28+00:00\",\"description\":\"Steuerjahr w\u00e4hlen - smartsteuer\",\"breadcrumb\":{\"@id\":\"https:\\\/\\\/www.k8s.stage.smartsteuer.dev\\\/online\\\/#breadcrumb\"},\"inLanguage\":\"de\",\"potentialAction\":[{\"@type\":\"ReadAction\",\"target\":[\"https:\\\/\\\/www.k8s.stage.smartsteuer.dev\\\/online\\\/\"]}]},{\"@type\":\"BreadcrumbList\",\"@id\":\"https:\\\/\\\/www.k8s.stage.smartsteuer.dev\\\/online\\\/#breadcrumb\",\"itemListElement\":[{\"@type\":\"ListItem\",\"position\":1,\"name\":\"Home\",\"item\":\"https:\\\/\\\/www.k8s.stage.smartsteuer.dev\\\/online\\\/\"},{\"@type\":\"ListItem\",\"position\":2,\"name\":\"Steuerjahr w\u00e4hlen\"}]},{\"@type\":\"WebSite\",\"@id\":\"https:\\\/\\\/www.smartsteuer.de\\\/online\\\/#website\",\"url\":\"https:\\\/\\\/www.smartsteuer.de\\\/online\\\/\",\"name\":\"smartsteuer\",\"description\":\"Steuererkl\u00e4rung 2021 online machen &amp; Steuern sparen\",\"publisher\":{\"@id\":\"https:\\\/\\\/www.smartsteuer.de\\\/online\\\/#organization\"},\"potentialAction\":[{\"@type\":\"SearchAction\",\"target\":{\"@type\":\"EntryPoint\",\"urlTemplate\":\"https:\\\/\\\/www.smartsteuer.de\\\/online\\\/?s={search_term_string}\"},\"query-input\":{\"@type\":\"PropertyValueSpecification\",\"valueRequired\":true,\"valueName\":\"search_term_string\"}}],\"inLanguage\":\"de\"},{\"@type\":\"Organization\",\"@id\":\"https:\\\/\\\/www.smartsteuer.de\\\/online\\\/#organization\",\"name\":\"smartsteuer GmbH\",\"url\":\"https:\\\/\\\/www.smartsteuer.de\\\/online\\\/\",\"logo\":{\"@type\":\"ImageObject\",\"inLanguage\":\"de\",\"@id\":\"https:\\\/\\\/www.smartsteuer.de\\\/online\\\/#\\\/schema\\\/logo\\\/image\\\/\",\"url\":\"https:\\\/\\\/www.k8s.stage.smartsteuer.dev\\\/online\\\/wp-content\\\/uploads\\\/2018\\\/10\\\/smartsteuer-logo.png\",\"contentUrl\":\"https:\\\/\\\/www.k8s.stage.smartsteuer.dev\\\/online\\\/wp-content\\\/uploads\\\/2018\\\/10\\\/smartsteuer-logo.png\",\"width\":250,\"height\":94,\"caption\":\"smartsteuer GmbH\"},\"image\":{\"@id\":\"https:\\\/\\\/www.smartsteuer.de\\\/online\\\/#\\\/schema\\\/logo\\\/image\\\/\"},\"sameAs\":[\"https:\\\/\\\/de-de.facebook.com\\\/smartsteuer\\\/\",\"https:\\\/\\\/x.com\\\/smartsteuer\",\"https:\\\/\\\/www.youtube.com\\\/channel\\\/UCu02GkFNrMRzwysT2SEmNrQ\"]}]}<\/script>\n<!-- \/ Yoast SEO Premium plugin. -->","yoast_head_json":{"title":"Steuerjahr w\u00e4hlen - smartsteuer","description":"Steuerjahr w\u00e4hlen - smartsteuer","robots":{"index":"noindex","follow":"follow"},"og_locale":"de_DE","og_type":"article","og_title":"Steuerjahr w\u00e4hlen","og_description":"Steuerjahr w\u00e4hlen - smartsteuer","og_url":"https:\/\/www.k8s.stage.smartsteuer.dev\/online\/","og_site_name":"smartsteuer","article_publisher":"https:\/\/de-de.facebook.com\/smartsteuer\/","article_modified_time":"2025-12-11T18:56:28+00:00","twitter_card":"summary_large_image","twitter_site":"@smartsteuer","twitter_misc":{"Gesch\u00e4tzte Lesezeit":"1\u00a0Minute"},"schema":{"@context":"https:\/\/schema.org","@graph":[{"@type":"WebPage","@id":"https:\/\/www.k8s.stage.smartsteuer.dev\/online\/steuerjahr-waehlen\/","url":"https:\/\/www.k8s.stage.smartsteuer.dev\/online\/","name":"Steuerjahr w\u00e4hlen - smartsteuer","isPartOf":{"@id":"https:\/\/www.smartsteuer.de\/online\/#website"},"datePublished":"2015-07-31T05:31:10+00:00","dateModified":"2025-12-11T18:56:28+00:00","description":"Steuerjahr w\u00e4hlen - smartsteuer","breadcrumb":{"@id":"https:\/\/www.k8s.stage.smartsteuer.dev\/online\/#breadcrumb"},"inLanguage":"de","potentialAction":[{"@type":"ReadAction","target":["https:\/\/www.k8s.stage.smartsteuer.dev\/online\/"]}]},{"@type":"BreadcrumbList","@id":"https:\/\/www.k8s.stage.smartsteuer.dev\/online\/#breadcrumb","itemListElement":[{"@type":"ListItem","position":1,"name":"Home","item":"https:\/\/www.k8s.stage.smartsteuer.dev\/online\/"},{"@type":"ListItem","position":2,"name":"Steuerjahr w\u00e4hlen"}]},{"@type":"WebSite","@id":"https:\/\/www.smartsteuer.de\/online\/#website","url":"https:\/\/www.smartsteuer.de\/online\/","name":"smartsteuer","description":"Steuererkl\u00e4rung 2021 online machen &amp; Steuern sparen","publisher":{"@id":"https:\/\/www.smartsteuer.de\/online\/#organization"},"potentialAction":[{"@type":"SearchAction","target":{"@type":"EntryPoint","urlTemplate":"https:\/\/www.smartsteuer.de\/online\/?s={search_term_string}"},"query-input":{"@type":"PropertyValueSpecification","valueRequired":true,"valueName":"search_term_string"}}],"inLanguage":"de"},{"@type":"Organization","@id":"https:\/\/www.smartsteuer.de\/online\/#organization","name":"smartsteuer GmbH","url":"https:\/\/www.smartsteuer.de\/online\/","logo":{"@type":"ImageObject","inLanguage":"de","@id":"https:\/\/www.smartsteuer.de\/online\/#\/schema\/logo\/image\/","url":"https:\/\/www.k8s.stage.smartsteuer.dev\/online\/wp-content\/uploads\/2018\/10\/smartsteuer-logo.png","contentUrl":"https:\/\/www.k8s.stage.smartsteuer.dev\/online\/wp-content\/uploads\/2018\/10\/smartsteuer-logo.png","width":250,"height":94,"caption":"smartsteuer GmbH"},"image":{"@id":"https:\/\/www.smartsteuer.de\/online\/#\/schema\/logo\/image\/"},"sameAs":["https:\/\/de-de.facebook.com\/smartsteuer\/","https:\/\/x.com\/smartsteuer","https:\/\/www.youtube.com\/channel\/UCu02GkFNrMRzwysT2SEmNrQ"]}]}},"_links":{"self":[{"href":"https:\/\/www.k8s.stage.smartsteuer.dev\/online\/wp-json\/wp\/v2\/pages\/1756","targetHints":{"allow":["GET"]}}],"collection":[{"href":"https:\/\/www.k8s.stage.smartsteuer.dev\/online\/wp-json\/wp\/v2\/pages"}],"about":[{"href":"https:\/\/www.k8s.stage.smartsteuer.dev\/online\/wp-json\/wp\/v2\/types\/page"}],"author":[{"embeddable":true,"href":"https:\/\/www.k8s.stage.smartsteuer.dev\/online\/wp-json\/wp\/v2\/users\/13"}],"replies":[{"embeddable":true,"href":"https:\/\/www.k8s.stage.smartsteuer.dev\/online\/wp-json\/wp\/v2\/comments?post=1756"}],"version-history":[{"count":19,"href":"https:\/\/www.k8s.stage.smartsteuer.dev\/online\/wp-json\/wp\/v2\/pages\/1756\/revisions"}],"predecessor-version":[{"id":70387,"href":"https:\/\/www.k8s.stage.smartsteuer.dev\/online\/wp-json\/wp\/v2\/pages\/1756\/revisions\/70387"}],"wp:attachment":[{"href":"https:\/\/www.k8s.stage.smartsteuer.dev\/online\/wp-json\/wp\/v2\/media?parent=1756"}],"curies":[{"name":"wp","href":"https:\/\/api.w.org\/{rel}","templated":true}]}}