{"id":1875,"date":"2015-12-03T11:57:15","date_gmt":"2015-12-03T09:57:15","guid":{"rendered":"https:\/\/www.k8s.stage.smartsteuer.dev\/online\/?page_id=1875"},"modified":"2024-05-02T09:54:17","modified_gmt":"2024-05-02T07:54:17","slug":"kostenloses-ebook-immobilien","status":"publish","type":"page","link":"https:\/\/www.k8s.stage.smartsteuer.dev\/online\/kostenloses-ebook-immobilien\/","title":{"rendered":"Kostenloses eBook: Immobilien"},"content":{"rendered":"<div class=\"sui-sheet-wrapper\">\n\t<section class=\"lb-section sui-sheet--up-flat sui-sheet-padding-flat sui-theme-bright\">\n\t\t<div class=\"sui-container \">\n\t\t\t<\/p>\n<h1>Steuer-1\u00d71 f\u00fcr Immobilien<\/h1>\n<p>\n\t\t<\/div>\n\t<\/section>\n<\/div>\n<div class=\"sui-sheet-wrapper\"><section class=\"sui-sheet--up-flat\"><div class=\"d-flex flex-column flex-md-row m-0\"><\/p>\n<p><div class=\"sui-split-half sui-theme-bright\"><div class=\"sui-split-inner\"><\/p>\n<p>Sie m\u00f6chten eine Immobilie kaufen oder besitzen bereits eine? Steuerlich ergeben sich zahlreiche Vorteile f\u00fcr Immobilieneigent\u00fcmer. Dabei spielt es keine Rolle, ob ein Haus oder eine Wohnung als Eigenheim genutzt oder vermietet wird. In beiden F\u00e4llen gibt es Steuersparm\u00f6glichkeiten, die wir Ihnen anhand von Beispielen und Tipps in diesem eBook vorstellen m\u00f6chten.<\/p>\n<p>&nbsp;<\/p>\n<p><strong>Inhalt:<\/strong><\/p>\n<ul class=\"pt-3\">\n<li>Welche Steuervorteile hat eine selbst genutzte Immobilie?<\/li>\n<li>Welche Immobilienkosten k\u00f6nnen Sie von der Steuer absetzen?<\/li>\n<li>Wie sparen Sie beim Immobilienverkauf Steuern?<\/li>\n<li>Was gilt es bei einer vermieteten Immobilie zu beachten?<\/li>\n<\/ul>\n<p>&nbsp;<\/p>\n<p><a class='sui-button-secondary sui-button-xlarge mt-2 mt-lg-3' href='https:\/\/www.k8s.stage.smartsteuer.dev\/online\/wp-content\/uploads\/2024\/04\/final240411_smartsteuer_eBooks_Steuertipps-fuer-Immobilien_kk_01.pdf' role='button'>\n\teBook herunterladen\n<\/a><\/p>\n<p>(Dateigr\u00f6\u00dfe: 682 KB)<\/p>\n<p><\/div><\/div><\/p>\n<p><div class=\"sui-split-half sui-theme-bright\"><div class=\"sui-split-inner\"><\/p>\n<p><img loading=\"lazy\" decoding=\"async\" class=\"alignnone wp-image-11787\" style=\"border-radius: 0 !important;\" src=\"https:\/\/www.k8s.stage.smartsteuer.dev\/online\/wp-content\/uploads\/2022\/08\/smartsteuer-eBook-Immobilien_thumb.jpg\" alt=\"smartsteuer eBook Immobilien\" width=\"430\" height=\"660\" \/><\/p>\n<p><\/div><\/div><\/p>\n<p><\/div><\/section><\/div>\n<div class=\"sui-sheet-wrapper\">\n\t<section class=\"lb-section sui-sheet--up-flat sui-sheet-padding-flat sui-theme-bright\">\n\t\t<div class=\"sui-container \">\n\t\t\t<\/p>\n<h2>Newsletter abonnieren.<\/h2>\n<p>Sie m\u00f6chten mehr zum Thema Geld und Steuern sparen erfahren? Melden Sie sich jetzt f\u00fcr den smartsteuer Newsletter an und Sie erhalten wichtige Informationen und Steuerspartipps.<\/p>\n<p>[lb-newsletter]<\/p>\n<p>\n\t\t<\/div>\n\t<\/section>\n<\/div>\n<div class=\"sui-sheet-wrapper\">\n\t<section class=\"lb-section sui-sheet--up-flat sui-sheet-padding-flat sui-theme-electric sui-theme-box-2\">\n\t\t<div class=\"sui-container \">\n\t\t\t<\/p>\n<h2>Steuererkl\u00e4rung online machen.<\/h2>\n<p><a class='sui-button-cta mt-2 sui-button-xlarge' href='https:\/\/osca.k8s.stage.smartsteuer.dev\/service-redirect.html?myExternal=lb_ebook_steuerhandbuch' role='button'>\n\tJetzt loslegen\t\n<\/a><\/p>\n<p>\n\t\t<\/div>\n\t<\/section>\n<\/div>\n","protected":false},"excerpt":{"rendered":"","protected":false},"author":27,"featured_media":0,"parent":0,"menu_order":0,"comment_status":"open","ping_status":"open","template":"landingpage-template.php","meta":{"_acf_changed":false,"footnotes":""},"class_list":["post-1875","page","type-page","status-publish","hentry"],"acf":[],"yoast_head":"<!-- This site is optimized with the Yoast SEO Premium plugin v21.0 (Yoast SEO v27.5) - https:\/\/yoast.com\/product\/yoast-seo-premium-wordpress\/ -->\n<title>Kostenloses eBook: Immobilien - smartsteuer<\/title>\n<meta name=\"description\" content=\"Kostenloses eBook: Immobilien - smartsteuer\" \/>\n<meta name=\"robots\" content=\"noindex, follow\" \/>\n<meta property=\"og:locale\" content=\"de_DE\" \/>\n<meta property=\"og:type\" content=\"article\" \/>\n<meta property=\"og:title\" content=\"Kostenloses eBook: Immobilien\" \/>\n<meta property=\"og:description\" content=\"Kostenloses eBook: Immobilien - smartsteuer\" \/>\n<meta property=\"og:url\" content=\"https:\/\/www.k8s.stage.smartsteuer.dev\/online\/kostenloses-ebook-immobilien\/\" \/>\n<meta property=\"og:site_name\" content=\"smartsteuer\" \/>\n<meta property=\"article:publisher\" content=\"https:\/\/de-de.facebook.com\/smartsteuer\/\" \/>\n<meta property=\"article:modified_time\" content=\"2024-05-02T07:54:17+00:00\" \/>\n<meta property=\"og:image\" content=\"https:\/\/www.k8s.stage.smartsteuer.dev\/online\/wp-content\/uploads\/2022\/08\/smartsteuer-eBook-Immobilien_thumb.jpg\" \/>\n<meta name=\"twitter:card\" content=\"summary_large_image\" \/>\n<meta name=\"twitter:site\" content=\"@smartsteuer\" \/>\n<meta name=\"twitter:label1\" content=\"Gesch\u00e4tzte Lesezeit\" \/>\n\t<meta name=\"twitter:data1\" content=\"2\u00a0Minuten\" \/>\n<script type=\"application\/ld+json\" class=\"yoast-schema-graph\">{\"@context\":\"https:\\\/\\\/schema.org\",\"@graph\":[{\"@type\":\"WebPage\",\"@id\":\"https:\\\/\\\/www.k8s.stage.smartsteuer.dev\\\/online\\\/kostenloses-ebook-immobilien\\\/\",\"url\":\"https:\\\/\\\/www.k8s.stage.smartsteuer.dev\\\/online\\\/kostenloses-ebook-immobilien\\\/\",\"name\":\"Kostenloses eBook: Immobilien - smartsteuer\",\"isPartOf\":{\"@id\":\"https:\\\/\\\/www.smartsteuer.de\\\/online\\\/#website\"},\"primaryImageOfPage\":{\"@id\":\"https:\\\/\\\/www.k8s.stage.smartsteuer.dev\\\/online\\\/kostenloses-ebook-immobilien\\\/#primaryimage\"},\"image\":{\"@id\":\"https:\\\/\\\/www.k8s.stage.smartsteuer.dev\\\/online\\\/kostenloses-ebook-immobilien\\\/#primaryimage\"},\"thumbnailUrl\":\"https:\\\/\\\/www.k8s.stage.smartsteuer.dev\\\/online\\\/wp-content\\\/uploads\\\/2022\\\/08\\\/smartsteuer-eBook-Immobilien_thumb.jpg\",\"datePublished\":\"2015-12-03T09:57:15+00:00\",\"dateModified\":\"2024-05-02T07:54:17+00:00\",\"description\":\"Kostenloses eBook: Immobilien - smartsteuer\",\"breadcrumb\":{\"@id\":\"https:\\\/\\\/www.k8s.stage.smartsteuer.dev\\\/online\\\/kostenloses-ebook-immobilien\\\/#breadcrumb\"},\"inLanguage\":\"de\",\"potentialAction\":[{\"@type\":\"ReadAction\",\"target\":[\"https:\\\/\\\/www.k8s.stage.smartsteuer.dev\\\/online\\\/kostenloses-ebook-immobilien\\\/\"]}]},{\"@type\":\"ImageObject\",\"inLanguage\":\"de\",\"@id\":\"https:\\\/\\\/www.k8s.stage.smartsteuer.dev\\\/online\\\/kostenloses-ebook-immobilien\\\/#primaryimage\",\"url\":\"https:\\\/\\\/www.k8s.stage.smartsteuer.dev\\\/online\\\/wp-content\\\/uploads\\\/2022\\\/08\\\/smartsteuer-eBook-Immobilien_thumb.jpg\",\"contentUrl\":\"https:\\\/\\\/www.k8s.stage.smartsteuer.dev\\\/online\\\/wp-content\\\/uploads\\\/2022\\\/08\\\/smartsteuer-eBook-Immobilien_thumb.jpg\",\"width\":800,\"height\":1200},{\"@type\":\"BreadcrumbList\",\"@id\":\"https:\\\/\\\/www.k8s.stage.smartsteuer.dev\\\/online\\\/kostenloses-ebook-immobilien\\\/#breadcrumb\",\"itemListElement\":[{\"@type\":\"ListItem\",\"position\":1,\"name\":\"Home\",\"item\":\"https:\\\/\\\/www.k8s.stage.smartsteuer.dev\\\/online\\\/\"},{\"@type\":\"ListItem\",\"position\":2,\"name\":\"Kostenloses eBook: Immobilien\"}]},{\"@type\":\"WebSite\",\"@id\":\"https:\\\/\\\/www.smartsteuer.de\\\/online\\\/#website\",\"url\":\"https:\\\/\\\/www.smartsteuer.de\\\/online\\\/\",\"name\":\"smartsteuer\",\"description\":\"Steuererkl\u00e4rung 2021 online machen &amp; Steuern sparen\",\"publisher\":{\"@id\":\"https:\\\/\\\/www.smartsteuer.de\\\/online\\\/#organization\"},\"potentialAction\":[{\"@type\":\"SearchAction\",\"target\":{\"@type\":\"EntryPoint\",\"urlTemplate\":\"https:\\\/\\\/www.smartsteuer.de\\\/online\\\/?s={search_term_string}\"},\"query-input\":{\"@type\":\"PropertyValueSpecification\",\"valueRequired\":true,\"valueName\":\"search_term_string\"}}],\"inLanguage\":\"de\"},{\"@type\":\"Organization\",\"@id\":\"https:\\\/\\\/www.smartsteuer.de\\\/online\\\/#organization\",\"name\":\"smartsteuer GmbH\",\"url\":\"https:\\\/\\\/www.smartsteuer.de\\\/online\\\/\",\"logo\":{\"@type\":\"ImageObject\",\"inLanguage\":\"de\",\"@id\":\"https:\\\/\\\/www.smartsteuer.de\\\/online\\\/#\\\/schema\\\/logo\\\/image\\\/\",\"url\":\"https:\\\/\\\/www.k8s.stage.smartsteuer.dev\\\/online\\\/wp-content\\\/uploads\\\/2018\\\/10\\\/smartsteuer-logo.png\",\"contentUrl\":\"https:\\\/\\\/www.k8s.stage.smartsteuer.dev\\\/online\\\/wp-content\\\/uploads\\\/2018\\\/10\\\/smartsteuer-logo.png\",\"width\":250,\"height\":94,\"caption\":\"smartsteuer GmbH\"},\"image\":{\"@id\":\"https:\\\/\\\/www.smartsteuer.de\\\/online\\\/#\\\/schema\\\/logo\\\/image\\\/\"},\"sameAs\":[\"https:\\\/\\\/de-de.facebook.com\\\/smartsteuer\\\/\",\"https:\\\/\\\/x.com\\\/smartsteuer\",\"https:\\\/\\\/www.youtube.com\\\/channel\\\/UCu02GkFNrMRzwysT2SEmNrQ\"]}]}<\/script>\n<!-- \/ Yoast SEO Premium plugin. -->","yoast_head_json":{"title":"Kostenloses eBook: Immobilien - smartsteuer","description":"Kostenloses eBook: Immobilien - smartsteuer","robots":{"index":"noindex","follow":"follow"},"og_locale":"de_DE","og_type":"article","og_title":"Kostenloses eBook: Immobilien","og_description":"Kostenloses eBook: Immobilien - smartsteuer","og_url":"https:\/\/www.k8s.stage.smartsteuer.dev\/online\/kostenloses-ebook-immobilien\/","og_site_name":"smartsteuer","article_publisher":"https:\/\/de-de.facebook.com\/smartsteuer\/","article_modified_time":"2024-05-02T07:54:17+00:00","og_image":[{"url":"https:\/\/www.k8s.stage.smartsteuer.dev\/online\/wp-content\/uploads\/2022\/08\/smartsteuer-eBook-Immobilien_thumb.jpg","type":"","width":"","height":""}],"twitter_card":"summary_large_image","twitter_site":"@smartsteuer","twitter_misc":{"Gesch\u00e4tzte Lesezeit":"2\u00a0Minuten"},"schema":{"@context":"https:\/\/schema.org","@graph":[{"@type":"WebPage","@id":"https:\/\/www.k8s.stage.smartsteuer.dev\/online\/kostenloses-ebook-immobilien\/","url":"https:\/\/www.k8s.stage.smartsteuer.dev\/online\/kostenloses-ebook-immobilien\/","name":"Kostenloses eBook: Immobilien - smartsteuer","isPartOf":{"@id":"https:\/\/www.smartsteuer.de\/online\/#website"},"primaryImageOfPage":{"@id":"https:\/\/www.k8s.stage.smartsteuer.dev\/online\/kostenloses-ebook-immobilien\/#primaryimage"},"image":{"@id":"https:\/\/www.k8s.stage.smartsteuer.dev\/online\/kostenloses-ebook-immobilien\/#primaryimage"},"thumbnailUrl":"https:\/\/www.k8s.stage.smartsteuer.dev\/online\/wp-content\/uploads\/2022\/08\/smartsteuer-eBook-Immobilien_thumb.jpg","datePublished":"2015-12-03T09:57:15+00:00","dateModified":"2024-05-02T07:54:17+00:00","description":"Kostenloses eBook: Immobilien - smartsteuer","breadcrumb":{"@id":"https:\/\/www.k8s.stage.smartsteuer.dev\/online\/kostenloses-ebook-immobilien\/#breadcrumb"},"inLanguage":"de","potentialAction":[{"@type":"ReadAction","target":["https:\/\/www.k8s.stage.smartsteuer.dev\/online\/kostenloses-ebook-immobilien\/"]}]},{"@type":"ImageObject","inLanguage":"de","@id":"https:\/\/www.k8s.stage.smartsteuer.dev\/online\/kostenloses-ebook-immobilien\/#primaryimage","url":"https:\/\/www.k8s.stage.smartsteuer.dev\/online\/wp-content\/uploads\/2022\/08\/smartsteuer-eBook-Immobilien_thumb.jpg","contentUrl":"https:\/\/www.k8s.stage.smartsteuer.dev\/online\/wp-content\/uploads\/2022\/08\/smartsteuer-eBook-Immobilien_thumb.jpg","width":800,"height":1200},{"@type":"BreadcrumbList","@id":"https:\/\/www.k8s.stage.smartsteuer.dev\/online\/kostenloses-ebook-immobilien\/#breadcrumb","itemListElement":[{"@type":"ListItem","position":1,"name":"Home","item":"https:\/\/www.k8s.stage.smartsteuer.dev\/online\/"},{"@type":"ListItem","position":2,"name":"Kostenloses eBook: Immobilien"}]},{"@type":"WebSite","@id":"https:\/\/www.smartsteuer.de\/online\/#website","url":"https:\/\/www.smartsteuer.de\/online\/","name":"smartsteuer","description":"Steuererkl\u00e4rung 2021 online machen &amp; Steuern sparen","publisher":{"@id":"https:\/\/www.smartsteuer.de\/online\/#organization"},"potentialAction":[{"@type":"SearchAction","target":{"@type":"EntryPoint","urlTemplate":"https:\/\/www.smartsteuer.de\/online\/?s={search_term_string}"},"query-input":{"@type":"PropertyValueSpecification","valueRequired":true,"valueName":"search_term_string"}}],"inLanguage":"de"},{"@type":"Organization","@id":"https:\/\/www.smartsteuer.de\/online\/#organization","name":"smartsteuer GmbH","url":"https:\/\/www.smartsteuer.de\/online\/","logo":{"@type":"ImageObject","inLanguage":"de","@id":"https:\/\/www.smartsteuer.de\/online\/#\/schema\/logo\/image\/","url":"https:\/\/www.k8s.stage.smartsteuer.dev\/online\/wp-content\/uploads\/2018\/10\/smartsteuer-logo.png","contentUrl":"https:\/\/www.k8s.stage.smartsteuer.dev\/online\/wp-content\/uploads\/2018\/10\/smartsteuer-logo.png","width":250,"height":94,"caption":"smartsteuer GmbH"},"image":{"@id":"https:\/\/www.smartsteuer.de\/online\/#\/schema\/logo\/image\/"},"sameAs":["https:\/\/de-de.facebook.com\/smartsteuer\/","https:\/\/x.com\/smartsteuer","https:\/\/www.youtube.com\/channel\/UCu02GkFNrMRzwysT2SEmNrQ"]}]}},"_links":{"self":[{"href":"https:\/\/www.k8s.stage.smartsteuer.dev\/online\/wp-json\/wp\/v2\/pages\/1875","targetHints":{"allow":["GET"]}}],"collection":[{"href":"https:\/\/www.k8s.stage.smartsteuer.dev\/online\/wp-json\/wp\/v2\/pages"}],"about":[{"href":"https:\/\/www.k8s.stage.smartsteuer.dev\/online\/wp-json\/wp\/v2\/types\/page"}],"author":[{"embeddable":true,"href":"https:\/\/www.k8s.stage.smartsteuer.dev\/online\/wp-json\/wp\/v2\/users\/27"}],"replies":[{"embeddable":true,"href":"https:\/\/www.k8s.stage.smartsteuer.dev\/online\/wp-json\/wp\/v2\/comments?post=1875"}],"version-history":[{"count":37,"href":"https:\/\/www.k8s.stage.smartsteuer.dev\/online\/wp-json\/wp\/v2\/pages\/1875\/revisions"}],"predecessor-version":[{"id":60791,"href":"https:\/\/www.k8s.stage.smartsteuer.dev\/online\/wp-json\/wp\/v2\/pages\/1875\/revisions\/60791"}],"wp:attachment":[{"href":"https:\/\/www.k8s.stage.smartsteuer.dev\/online\/wp-json\/wp\/v2\/media?parent=1875"}],"curies":[{"name":"wp","href":"https:\/\/api.w.org\/{rel}","templated":true}]}}