{"id":49669,"date":"2023-08-23T15:04:12","date_gmt":"2023-08-23T13:04:12","guid":{"rendered":"https:\/\/www.k8s.stage.smartsteuer.dev\/online\/?page_id=49669"},"modified":"2024-09-26T10:08:03","modified_gmt":"2024-09-26T08:08:03","slug":"ebook-steuertipps-fuer-selbststaendige-und-freelancer","status":"publish","type":"page","link":"https:\/\/www.k8s.stage.smartsteuer.dev\/online\/ebook-steuertipps-fuer-selbststaendige-und-freelancer\/","title":{"rendered":"eBook Steuertipps f\u00fcr Selbstst\u00e4ndige und Freelancer"},"content":{"rendered":"<div class=\"sui-sheet-wrapper\">\n\t<section class=\"lb-section sui-sheet--up-flat sui-sheet-padding-flat sui-theme-bright\">\n\t\t<div class=\"sui-container \">\n\t\t\t<\/p>\n<h1>Steuertipps f\u00fcr Selbstst\u00e4ndige und Freelancer<\/h1>\n<p>\n\t\t<\/div>\n\t<\/section>\n<\/div>\n<div class=\"sui-sheet-wrapper\"><section class=\"sui-sheet--up-flat\"><div class=\"d-flex flex-column flex-md-row m-0\"><\/p>\n<p><div class=\"sui-split-half sui-theme-bright\"><div class=\"sui-split-inner\"><\/p>\n<h2>Kurz gefragt \u2013 schnell nachgeschlagen<\/h2>\n<p><span style=\"font-weight: 400;\">Die eigene Selbstst\u00e4ndigkeit bringt viele Vorteile mit sich. Nur die Steuer- und Finanzthemen sind f\u00fcr viele eine H\u00fcrde. Deshalb haben wir in unserem eBook f\u00fcr Selbstst\u00e4ndige alle wichtigen Tipps &amp; Tricks zusammengefasst, die f\u00fcr Selbstst\u00e4ndige, Freiberufler und Freelancer wichtig sind. Nehmen Sie Ihre Steuern jetzt selbst in die Hand!<\/span><\/p>\n<ul>\n<li>E\u00dcR &#8211; Einnahme \u00dcberschuss Rechnung<\/li>\n<li>Gewerbeanmeldung<\/li>\n<li>Das m\u00fcssen Selbsst\u00e4ndige, Freiberufler und Freelancer beachten<\/li>\n<li>Was kann ich von der Steuer absetzen?<\/li>\n<li>kostenfrei herunterladen<\/li>\n<\/ul>\n<p>&nbsp;<\/p>\n<p>&nbsp;<\/p>\n<p><a class='sui-button-secondary sui-button-xlarge mt-2 mt-lg-3' href='https:\/\/www.k8s.stage.smartsteuer.dev\/online\/wp-content\/uploads\/2023\/08\/230825_smartsteuer_eBooks_Steuererklaerung-fuer-Selbststaendige_03_kke10378454cb49b61fe9684a6711adfbea5aa14991a5ed9e25ae91034faad337e.pdf' role='button'>\n\teBook herunterladen\n<\/a><\/p>\n<p>(Dateigr\u00f6\u00dfe: 430 KB)<\/p>\n<p><\/div><\/div><\/p>\n<p><div class=\"sui-split-half sui-theme-bright\"><div class=\"sui-split-inner\"><\/p>\n<p><img loading=\"lazy\" decoding=\"async\" class=\"alignnone size-large wp-image-67313\" src=\"https:\/\/www.k8s.stage.smartsteuer.dev\/online\/wp-content\/uploads\/2024\/09\/smartsteuer-eBook-selbstaendige_2024-neues-Leware-Office-Logo-inkl.-50-Rabatt-683x1024.jpg\" alt=\"Lexware Office inklusive 50 % Rabatt\" width=\"683\" height=\"1024\" srcset=\"https:\/\/www.k8s.stage.smartsteuer.dev\/online\/wp-content\/uploads\/2024\/09\/smartsteuer-eBook-selbstaendige_2024-neues-Leware-Office-Logo-inkl.-50-Rabatt-683x1024.jpg 683w, https:\/\/www.k8s.stage.smartsteuer.dev\/online\/wp-content\/uploads\/2024\/09\/smartsteuer-eBook-selbstaendige_2024-neues-Leware-Office-Logo-inkl.-50-Rabatt-200x300.jpg 200w, https:\/\/www.k8s.stage.smartsteuer.dev\/online\/wp-content\/uploads\/2024\/09\/smartsteuer-eBook-selbstaendige_2024-neues-Leware-Office-Logo-inkl.-50-Rabatt-768x1152.jpg 768w, https:\/\/www.k8s.stage.smartsteuer.dev\/online\/wp-content\/uploads\/2024\/09\/smartsteuer-eBook-selbstaendige_2024-neues-Leware-Office-Logo-inkl.-50-Rabatt.jpg 800w\" sizes=\"auto, (max-width: 683px) 100vw, 683px\" \/><\/p>\n<p>&nbsp;<\/p>\n<p><\/div><\/div><\/p>\n<p><\/div><\/section><\/div>\n<div class=\"sui-sheet-wrapper\">\n\t<section class=\"lb-section sui-sheet--up-flat sui-sheet-padding-flat sui-theme-bright\">\n\t\t<div class=\"sui-container \">\n\t\t\t<\/p>\n<h2>Newsletter abonnieren.<\/h2>\n<p>Sie m\u00f6chten mehr zum Thema Geld und Steuern sparen erfahren? Melden Sie sich jetzt f\u00fcr den smartsteuer Newsletter an und Sie erhalten wichtige Informationen und Steuerspartipps.<\/p>\n<p>[lb-newsletter]<\/p>\n<p>\n\t\t<\/div>\n\t<\/section>\n<\/div>\n<div class=\"sui-sheet-wrapper\">\n\t<section class=\"lb-section sui-sheet--up-flat sui-sheet-padding-flat sui-theme-electric sui-theme-box-2\">\n\t\t<div class=\"sui-container \">\n\t\t\t<\/p>\n<h2>Steuererkl\u00e4rung online machen.<\/h2>\n<p><a class='sui-button-cta mt-2 sui-button-xlarge' href='https:\/\/osca.k8s.stage.smartsteuer.dev\/service-redirect.html?myExternal=lb_ebook_steuerhandbuch' role='button'>\n\tJetzt loslegen\t\n<\/a><\/p>\n<p>\n\t\t<\/div>\n\t<\/section>\n<\/div>\n","protected":false},"excerpt":{"rendered":"","protected":false},"author":47,"featured_media":0,"parent":0,"menu_order":0,"comment_status":"open","ping_status":"open","template":"landingpage-template.php","meta":{"_acf_changed":false,"footnotes":""},"class_list":["post-49669","page","type-page","status-publish","hentry"],"acf":[],"yoast_head":"<!-- This site is optimized with the Yoast SEO Premium plugin v21.0 (Yoast SEO v27.5) - https:\/\/yoast.com\/product\/yoast-seo-premium-wordpress\/ -->\n<title>eBook Steuertipps f\u00fcr Selbstst\u00e4ndige und Freelancer - smartsteuer<\/title>\n<meta name=\"description\" content=\"eBook Steuertipps f\u00fcr Selbstst\u00e4ndige und Freelancer - smartsteuer\" \/>\n<meta name=\"robots\" content=\"noindex, nofollow\" \/>\n<meta property=\"og:locale\" content=\"de_DE\" \/>\n<meta property=\"og:type\" content=\"article\" \/>\n<meta property=\"og:title\" content=\"eBook Steuertipps f\u00fcr Selbstst\u00e4ndige und Freelancer\" \/>\n<meta property=\"og:description\" content=\"eBook Steuertipps f\u00fcr Selbstst\u00e4ndige und Freelancer - smartsteuer\" \/>\n<meta property=\"og:url\" content=\"https:\/\/www.k8s.stage.smartsteuer.dev\/online\/ebook-steuertipps-fuer-selbststaendige-und-freelancer\/\" \/>\n<meta property=\"og:site_name\" content=\"smartsteuer\" \/>\n<meta property=\"article:publisher\" content=\"https:\/\/de-de.facebook.com\/smartsteuer\/\" \/>\n<meta property=\"article:modified_time\" content=\"2024-09-26T08:08:03+00:00\" \/>\n<meta property=\"og:image\" content=\"https:\/\/www.k8s.stage.smartsteuer.dev\/online\/wp-content\/uploads\/2024\/09\/smartsteuer-eBook-selbstaendige_2024-neues-Leware-Office-Logo-inkl.-50-Rabatt-683x1024.jpg\" \/>\n<meta name=\"twitter:card\" content=\"summary_large_image\" \/>\n<meta name=\"twitter:site\" content=\"@smartsteuer\" \/>\n<meta name=\"twitter:label1\" content=\"Gesch\u00e4tzte Lesezeit\" \/>\n\t<meta name=\"twitter:data1\" content=\"1\u00a0Minute\" \/>\n<script type=\"application\/ld+json\" class=\"yoast-schema-graph\">{\"@context\":\"https:\\\/\\\/schema.org\",\"@graph\":[{\"@type\":\"WebPage\",\"@id\":\"https:\\\/\\\/www.k8s.stage.smartsteuer.dev\\\/online\\\/ebook-steuertipps-fuer-selbststaendige-und-freelancer\\\/\",\"url\":\"https:\\\/\\\/www.k8s.stage.smartsteuer.dev\\\/online\\\/ebook-steuertipps-fuer-selbststaendige-und-freelancer\\\/\",\"name\":\"eBook Steuertipps f\u00fcr Selbstst\u00e4ndige und Freelancer - smartsteuer\",\"isPartOf\":{\"@id\":\"https:\\\/\\\/www.smartsteuer.de\\\/online\\\/#website\"},\"primaryImageOfPage\":{\"@id\":\"https:\\\/\\\/www.k8s.stage.smartsteuer.dev\\\/online\\\/ebook-steuertipps-fuer-selbststaendige-und-freelancer\\\/#primaryimage\"},\"image\":{\"@id\":\"https:\\\/\\\/www.k8s.stage.smartsteuer.dev\\\/online\\\/ebook-steuertipps-fuer-selbststaendige-und-freelancer\\\/#primaryimage\"},\"thumbnailUrl\":\"https:\\\/\\\/www.k8s.stage.smartsteuer.dev\\\/online\\\/wp-content\\\/uploads\\\/2024\\\/09\\\/smartsteuer-eBook-selbstaendige_2024-neues-Leware-Office-Logo-inkl.-50-Rabatt-683x1024.jpg\",\"datePublished\":\"2023-08-23T13:04:12+00:00\",\"dateModified\":\"2024-09-26T08:08:03+00:00\",\"description\":\"eBook Steuertipps f\u00fcr Selbstst\u00e4ndige und Freelancer - smartsteuer\",\"breadcrumb\":{\"@id\":\"https:\\\/\\\/www.k8s.stage.smartsteuer.dev\\\/online\\\/ebook-steuertipps-fuer-selbststaendige-und-freelancer\\\/#breadcrumb\"},\"inLanguage\":\"de\",\"potentialAction\":[{\"@type\":\"ReadAction\",\"target\":[\"https:\\\/\\\/www.k8s.stage.smartsteuer.dev\\\/online\\\/ebook-steuertipps-fuer-selbststaendige-und-freelancer\\\/\"]}]},{\"@type\":\"ImageObject\",\"inLanguage\":\"de\",\"@id\":\"https:\\\/\\\/www.k8s.stage.smartsteuer.dev\\\/online\\\/ebook-steuertipps-fuer-selbststaendige-und-freelancer\\\/#primaryimage\",\"url\":\"https:\\\/\\\/www.k8s.stage.smartsteuer.dev\\\/online\\\/wp-content\\\/uploads\\\/2024\\\/09\\\/smartsteuer-eBook-selbstaendige_2024-neues-Leware-Office-Logo-inkl.-50-Rabatt.jpg\",\"contentUrl\":\"https:\\\/\\\/www.k8s.stage.smartsteuer.dev\\\/online\\\/wp-content\\\/uploads\\\/2024\\\/09\\\/smartsteuer-eBook-selbstaendige_2024-neues-Leware-Office-Logo-inkl.-50-Rabatt.jpg\",\"width\":800,\"height\":1200,\"caption\":\"Lexware Office inklusive 50 % Rabatt\"},{\"@type\":\"BreadcrumbList\",\"@id\":\"https:\\\/\\\/www.k8s.stage.smartsteuer.dev\\\/online\\\/ebook-steuertipps-fuer-selbststaendige-und-freelancer\\\/#breadcrumb\",\"itemListElement\":[{\"@type\":\"ListItem\",\"position\":1,\"name\":\"Home\",\"item\":\"https:\\\/\\\/www.k8s.stage.smartsteuer.dev\\\/online\\\/\"},{\"@type\":\"ListItem\",\"position\":2,\"name\":\"eBook Steuertipps f\u00fcr Selbstst\u00e4ndige und Freelancer\"}]},{\"@type\":\"WebSite\",\"@id\":\"https:\\\/\\\/www.smartsteuer.de\\\/online\\\/#website\",\"url\":\"https:\\\/\\\/www.smartsteuer.de\\\/online\\\/\",\"name\":\"smartsteuer\",\"description\":\"Steuererkl\u00e4rung 2021 online machen &amp; Steuern sparen\",\"publisher\":{\"@id\":\"https:\\\/\\\/www.smartsteuer.de\\\/online\\\/#organization\"},\"potentialAction\":[{\"@type\":\"SearchAction\",\"target\":{\"@type\":\"EntryPoint\",\"urlTemplate\":\"https:\\\/\\\/www.smartsteuer.de\\\/online\\\/?s={search_term_string}\"},\"query-input\":{\"@type\":\"PropertyValueSpecification\",\"valueRequired\":true,\"valueName\":\"search_term_string\"}}],\"inLanguage\":\"de\"},{\"@type\":\"Organization\",\"@id\":\"https:\\\/\\\/www.smartsteuer.de\\\/online\\\/#organization\",\"name\":\"smartsteuer GmbH\",\"url\":\"https:\\\/\\\/www.smartsteuer.de\\\/online\\\/\",\"logo\":{\"@type\":\"ImageObject\",\"inLanguage\":\"de\",\"@id\":\"https:\\\/\\\/www.smartsteuer.de\\\/online\\\/#\\\/schema\\\/logo\\\/image\\\/\",\"url\":\"https:\\\/\\\/www.k8s.stage.smartsteuer.dev\\\/online\\\/wp-content\\\/uploads\\\/2018\\\/10\\\/smartsteuer-logo.png\",\"contentUrl\":\"https:\\\/\\\/www.k8s.stage.smartsteuer.dev\\\/online\\\/wp-content\\\/uploads\\\/2018\\\/10\\\/smartsteuer-logo.png\",\"width\":250,\"height\":94,\"caption\":\"smartsteuer GmbH\"},\"image\":{\"@id\":\"https:\\\/\\\/www.smartsteuer.de\\\/online\\\/#\\\/schema\\\/logo\\\/image\\\/\"},\"sameAs\":[\"https:\\\/\\\/de-de.facebook.com\\\/smartsteuer\\\/\",\"https:\\\/\\\/x.com\\\/smartsteuer\",\"https:\\\/\\\/www.youtube.com\\\/channel\\\/UCu02GkFNrMRzwysT2SEmNrQ\"]}]}<\/script>\n<!-- \/ Yoast SEO Premium plugin. -->","yoast_head_json":{"title":"eBook Steuertipps f\u00fcr Selbstst\u00e4ndige und Freelancer - smartsteuer","description":"eBook Steuertipps f\u00fcr Selbstst\u00e4ndige und Freelancer - smartsteuer","robots":{"index":"noindex","follow":"nofollow"},"og_locale":"de_DE","og_type":"article","og_title":"eBook Steuertipps f\u00fcr Selbstst\u00e4ndige und Freelancer","og_description":"eBook Steuertipps f\u00fcr Selbstst\u00e4ndige und Freelancer - smartsteuer","og_url":"https:\/\/www.k8s.stage.smartsteuer.dev\/online\/ebook-steuertipps-fuer-selbststaendige-und-freelancer\/","og_site_name":"smartsteuer","article_publisher":"https:\/\/de-de.facebook.com\/smartsteuer\/","article_modified_time":"2024-09-26T08:08:03+00:00","og_image":[{"url":"https:\/\/www.k8s.stage.smartsteuer.dev\/online\/wp-content\/uploads\/2024\/09\/smartsteuer-eBook-selbstaendige_2024-neues-Leware-Office-Logo-inkl.-50-Rabatt-683x1024.jpg","type":"","width":"","height":""}],"twitter_card":"summary_large_image","twitter_site":"@smartsteuer","twitter_misc":{"Gesch\u00e4tzte Lesezeit":"1\u00a0Minute"},"schema":{"@context":"https:\/\/schema.org","@graph":[{"@type":"WebPage","@id":"https:\/\/www.k8s.stage.smartsteuer.dev\/online\/ebook-steuertipps-fuer-selbststaendige-und-freelancer\/","url":"https:\/\/www.k8s.stage.smartsteuer.dev\/online\/ebook-steuertipps-fuer-selbststaendige-und-freelancer\/","name":"eBook Steuertipps f\u00fcr Selbstst\u00e4ndige und Freelancer - smartsteuer","isPartOf":{"@id":"https:\/\/www.smartsteuer.de\/online\/#website"},"primaryImageOfPage":{"@id":"https:\/\/www.k8s.stage.smartsteuer.dev\/online\/ebook-steuertipps-fuer-selbststaendige-und-freelancer\/#primaryimage"},"image":{"@id":"https:\/\/www.k8s.stage.smartsteuer.dev\/online\/ebook-steuertipps-fuer-selbststaendige-und-freelancer\/#primaryimage"},"thumbnailUrl":"https:\/\/www.k8s.stage.smartsteuer.dev\/online\/wp-content\/uploads\/2024\/09\/smartsteuer-eBook-selbstaendige_2024-neues-Leware-Office-Logo-inkl.-50-Rabatt-683x1024.jpg","datePublished":"2023-08-23T13:04:12+00:00","dateModified":"2024-09-26T08:08:03+00:00","description":"eBook Steuertipps f\u00fcr Selbstst\u00e4ndige und Freelancer - smartsteuer","breadcrumb":{"@id":"https:\/\/www.k8s.stage.smartsteuer.dev\/online\/ebook-steuertipps-fuer-selbststaendige-und-freelancer\/#breadcrumb"},"inLanguage":"de","potentialAction":[{"@type":"ReadAction","target":["https:\/\/www.k8s.stage.smartsteuer.dev\/online\/ebook-steuertipps-fuer-selbststaendige-und-freelancer\/"]}]},{"@type":"ImageObject","inLanguage":"de","@id":"https:\/\/www.k8s.stage.smartsteuer.dev\/online\/ebook-steuertipps-fuer-selbststaendige-und-freelancer\/#primaryimage","url":"https:\/\/www.k8s.stage.smartsteuer.dev\/online\/wp-content\/uploads\/2024\/09\/smartsteuer-eBook-selbstaendige_2024-neues-Leware-Office-Logo-inkl.-50-Rabatt.jpg","contentUrl":"https:\/\/www.k8s.stage.smartsteuer.dev\/online\/wp-content\/uploads\/2024\/09\/smartsteuer-eBook-selbstaendige_2024-neues-Leware-Office-Logo-inkl.-50-Rabatt.jpg","width":800,"height":1200,"caption":"Lexware Office inklusive 50 % Rabatt"},{"@type":"BreadcrumbList","@id":"https:\/\/www.k8s.stage.smartsteuer.dev\/online\/ebook-steuertipps-fuer-selbststaendige-und-freelancer\/#breadcrumb","itemListElement":[{"@type":"ListItem","position":1,"name":"Home","item":"https:\/\/www.k8s.stage.smartsteuer.dev\/online\/"},{"@type":"ListItem","position":2,"name":"eBook Steuertipps f\u00fcr Selbstst\u00e4ndige und Freelancer"}]},{"@type":"WebSite","@id":"https:\/\/www.smartsteuer.de\/online\/#website","url":"https:\/\/www.smartsteuer.de\/online\/","name":"smartsteuer","description":"Steuererkl\u00e4rung 2021 online machen &amp; Steuern sparen","publisher":{"@id":"https:\/\/www.smartsteuer.de\/online\/#organization"},"potentialAction":[{"@type":"SearchAction","target":{"@type":"EntryPoint","urlTemplate":"https:\/\/www.smartsteuer.de\/online\/?s={search_term_string}"},"query-input":{"@type":"PropertyValueSpecification","valueRequired":true,"valueName":"search_term_string"}}],"inLanguage":"de"},{"@type":"Organization","@id":"https:\/\/www.smartsteuer.de\/online\/#organization","name":"smartsteuer GmbH","url":"https:\/\/www.smartsteuer.de\/online\/","logo":{"@type":"ImageObject","inLanguage":"de","@id":"https:\/\/www.smartsteuer.de\/online\/#\/schema\/logo\/image\/","url":"https:\/\/www.k8s.stage.smartsteuer.dev\/online\/wp-content\/uploads\/2018\/10\/smartsteuer-logo.png","contentUrl":"https:\/\/www.k8s.stage.smartsteuer.dev\/online\/wp-content\/uploads\/2018\/10\/smartsteuer-logo.png","width":250,"height":94,"caption":"smartsteuer GmbH"},"image":{"@id":"https:\/\/www.smartsteuer.de\/online\/#\/schema\/logo\/image\/"},"sameAs":["https:\/\/de-de.facebook.com\/smartsteuer\/","https:\/\/x.com\/smartsteuer","https:\/\/www.youtube.com\/channel\/UCu02GkFNrMRzwysT2SEmNrQ"]}]}},"_links":{"self":[{"href":"https:\/\/www.k8s.stage.smartsteuer.dev\/online\/wp-json\/wp\/v2\/pages\/49669","targetHints":{"allow":["GET"]}}],"collection":[{"href":"https:\/\/www.k8s.stage.smartsteuer.dev\/online\/wp-json\/wp\/v2\/pages"}],"about":[{"href":"https:\/\/www.k8s.stage.smartsteuer.dev\/online\/wp-json\/wp\/v2\/types\/page"}],"author":[{"embeddable":true,"href":"https:\/\/www.k8s.stage.smartsteuer.dev\/online\/wp-json\/wp\/v2\/users\/47"}],"replies":[{"embeddable":true,"href":"https:\/\/www.k8s.stage.smartsteuer.dev\/online\/wp-json\/wp\/v2\/comments?post=49669"}],"version-history":[{"count":14,"href":"https:\/\/www.k8s.stage.smartsteuer.dev\/online\/wp-json\/wp\/v2\/pages\/49669\/revisions"}],"predecessor-version":[{"id":67316,"href":"https:\/\/www.k8s.stage.smartsteuer.dev\/online\/wp-json\/wp\/v2\/pages\/49669\/revisions\/67316"}],"wp:attachment":[{"href":"https:\/\/www.k8s.stage.smartsteuer.dev\/online\/wp-json\/wp\/v2\/media?parent=49669"}],"curies":[{"name":"wp","href":"https:\/\/api.w.org\/{rel}","templated":true}]}}