{"id":50059,"date":"2024-05-02T10:16:39","date_gmt":"2024-05-02T08:16:39","guid":{"rendered":"https:\/\/www.k8s.stage.smartsteuer.dev\/online\/?page_id=50059"},"modified":"2024-05-14T16:21:01","modified_gmt":"2024-05-14T14:21:01","slug":"ebook-steuertipps-fuer-studierende","status":"publish","type":"page","link":"https:\/\/www.k8s.stage.smartsteuer.dev\/online\/ebook-steuertipps-fuer-studierende\/","title":{"rendered":"eBook Steuertipps f\u00fcr Studierende"},"content":{"rendered":"<div class=\"sui-sheet-wrapper\">\n\t<section class=\"lb-section sui-sheet--up-flat sui-sheet-padding-flat sui-theme-bright\">\n\t\t<div class=\"sui-container \">\n\t\t\t<\/p>\n<h1>Steuertipps f\u00fcr Studierende<\/h1>\n<p>\n\t\t<\/div>\n\t<\/section>\n<\/div>\n<div class=\"sui-sheet-wrapper\"><section class=\"sui-sheet--up-flat\"><div class=\"d-flex flex-column flex-md-row m-0\"><\/p>\n<p><div class=\"sui-split-half sui-theme-bright\"><div class=\"sui-split-inner\"><\/p>\n<h2>Mit Verlustvortrag und Co. richtig Steuern sparen<\/h2>\n<p><span style=\"font-weight: 400;\">Keine Ahnung von Steuern? Macht nix! Wir geben Dir die Tipps an die Hand, die Du als Student wirklich brauchst. Von BAf\u00f6G \u00fcber Praktikum bis zum Verlustvortrag verraten wir Dir in unserem kostenlosen eBook, wie Du w\u00e4hrend des Studiums richtig Geld sparen kannst und welche F\u00f6rderungen f\u00fcr Dich m\u00f6glich sind.<\/span><\/p>\n<p>&nbsp;<\/p>\n<ul>\n<li>Steuerinfos f\u00fcr Studierende<\/li>\n<li>Das kannst Du als Student absetzen<\/li>\n<li>Verlustvortrag<\/li>\n<li>Fristen und Pauschalen<\/li>\n<li>Baf\u00f6G, Praktikum oder Minijob<\/li>\n<li>kostenfrei herunterladen<\/li>\n<\/ul>\n<p>&nbsp;<\/p>\n<p>&nbsp;<\/p>\n<p><a class='sui-button-secondary sui-button-xlarge mt-2 mt-lg-3' href='https:\/\/www.k8s.stage.smartsteuer.dev\/online\/wp-content\/uploads\/2024\/05\/final_240417_smartsteuer_ebooks_steuererklarung_fur_studierende_kk_01_1_.pdf' role='button'>\n\teBook herunterladen\n<\/a><\/p>\n<p>(Dateigr\u00f6\u00dfe: 430 KB)<\/p>\n<p><\/div><\/div><\/p>\n<p><div class=\"sui-split-half sui-theme-bright\"><div class=\"sui-split-inner\"><\/p>\n<p><img loading=\"lazy\" decoding=\"async\" class=\"alignnone wp-image-63041 size-large\" src=\"https:\/\/www.k8s.stage.smartsteuer.dev\/online\/wp-content\/uploads\/2024\/05\/smartsteuer-eBook-Studenten_Thumb-1-683x1024.jpg\" alt=\"smartsteuer eBook Studierende\" width=\"683\" height=\"1024\" srcset=\"https:\/\/www.k8s.stage.smartsteuer.dev\/online\/wp-content\/uploads\/2024\/05\/smartsteuer-eBook-Studenten_Thumb-1-683x1024.jpg 683w, https:\/\/www.k8s.stage.smartsteuer.dev\/online\/wp-content\/uploads\/2024\/05\/smartsteuer-eBook-Studenten_Thumb-1-200x300.jpg 200w, https:\/\/www.k8s.stage.smartsteuer.dev\/online\/wp-content\/uploads\/2024\/05\/smartsteuer-eBook-Studenten_Thumb-1-768x1152.jpg 768w, https:\/\/www.k8s.stage.smartsteuer.dev\/online\/wp-content\/uploads\/2024\/05\/smartsteuer-eBook-Studenten_Thumb-1.jpg 800w\" sizes=\"auto, (max-width: 683px) 100vw, 683px\" \/><\/p>\n<p>&nbsp;<\/p>\n<p><\/div><\/div><\/p>\n<p><\/div><\/section><\/div>\n<div class=\"sui-sheet-wrapper\">\n\t<section class=\"lb-section sui-sheet--up-flat sui-sheet-padding-flat sui-theme-bright\">\n\t\t<div class=\"sui-container \">\n\t\t\t<\/p>\n<h2>Newsletter abonnieren.<\/h2>\n<p>Sie m\u00f6chten mehr zum Thema Geld und Steuern sparen erfahren? Melden Sie sich jetzt f\u00fcr den smartsteuer Newsletter an und Sie erhalten wichtige Informationen und Steuerspartipps.<\/p>\n<p>[lb-newsletter]<\/p>\n<p>\n\t\t<\/div>\n\t<\/section>\n<\/div>\n<div class=\"sui-sheet-wrapper\">\n\t<section class=\"lb-section sui-sheet--up-flat sui-sheet-padding-flat sui-theme-electric sui-theme-box-2\">\n\t\t<div class=\"sui-container \">\n\t\t\t<\/p>\n<h2>Steuererkl\u00e4rung online machen.<\/h2>\n<p><a class='sui-button-cta mt-2 sui-button-xlarge' href='https:\/\/osca.k8s.stage.smartsteuer.dev\/service-redirect.html?myExternal=lb_ebook_steuerhandbuch' role='button'>\n\tJetzt loslegen\t\n<\/a><\/p>\n<p>\n\t\t<\/div>\n\t<\/section>\n<\/div>\n","protected":false},"excerpt":{"rendered":"","protected":false},"author":47,"featured_media":0,"parent":0,"menu_order":0,"comment_status":"open","ping_status":"open","template":"landingpage-template.php","meta":{"_acf_changed":false,"footnotes":""},"class_list":["post-50059","page","type-page","status-publish","hentry"],"acf":[],"yoast_head":"<!-- This site is optimized with the Yoast SEO Premium plugin v21.0 (Yoast SEO v27.5) - https:\/\/yoast.com\/product\/yoast-seo-premium-wordpress\/ -->\n<title>eBook Steuertipps f\u00fcr Studierende - smartsteuer<\/title>\n<meta name=\"description\" content=\"eBook Steuertipps f\u00fcr Studierende - smartsteuer\" \/>\n<meta name=\"robots\" content=\"noindex, nofollow\" \/>\n<meta property=\"og:locale\" content=\"de_DE\" \/>\n<meta property=\"og:type\" content=\"article\" \/>\n<meta property=\"og:title\" content=\"eBook Steuertipps f\u00fcr Studierende\" \/>\n<meta property=\"og:description\" content=\"eBook Steuertipps f\u00fcr Studierende - smartsteuer\" \/>\n<meta property=\"og:url\" content=\"https:\/\/www.k8s.stage.smartsteuer.dev\/online\/ebook-steuertipps-fuer-studierende\/\" \/>\n<meta property=\"og:site_name\" content=\"smartsteuer\" \/>\n<meta property=\"article:publisher\" content=\"https:\/\/de-de.facebook.com\/smartsteuer\/\" \/>\n<meta property=\"article:modified_time\" content=\"2024-05-14T14:21:01+00:00\" \/>\n<meta property=\"og:image\" content=\"https:\/\/www.k8s.stage.smartsteuer.dev\/online\/wp-content\/uploads\/2024\/05\/smartsteuer-eBook-Studenten_Thumb-1-683x1024.jpg\" \/>\n<meta name=\"twitter:card\" content=\"summary_large_image\" \/>\n<meta name=\"twitter:site\" content=\"@smartsteuer\" \/>\n<meta name=\"twitter:label1\" content=\"Gesch\u00e4tzte Lesezeit\" \/>\n\t<meta name=\"twitter:data1\" content=\"1\u00a0Minute\" \/>\n<script type=\"application\/ld+json\" class=\"yoast-schema-graph\">{\"@context\":\"https:\\\/\\\/schema.org\",\"@graph\":[{\"@type\":\"WebPage\",\"@id\":\"https:\\\/\\\/www.k8s.stage.smartsteuer.dev\\\/online\\\/ebook-steuertipps-fuer-studierende\\\/\",\"url\":\"https:\\\/\\\/www.k8s.stage.smartsteuer.dev\\\/online\\\/ebook-steuertipps-fuer-studierende\\\/\",\"name\":\"eBook Steuertipps f\u00fcr Studierende - smartsteuer\",\"isPartOf\":{\"@id\":\"https:\\\/\\\/www.smartsteuer.de\\\/online\\\/#website\"},\"primaryImageOfPage\":{\"@id\":\"https:\\\/\\\/www.k8s.stage.smartsteuer.dev\\\/online\\\/ebook-steuertipps-fuer-studierende\\\/#primaryimage\"},\"image\":{\"@id\":\"https:\\\/\\\/www.k8s.stage.smartsteuer.dev\\\/online\\\/ebook-steuertipps-fuer-studierende\\\/#primaryimage\"},\"thumbnailUrl\":\"https:\\\/\\\/www.k8s.stage.smartsteuer.dev\\\/online\\\/wp-content\\\/uploads\\\/2024\\\/05\\\/smartsteuer-eBook-Studenten_Thumb-1-683x1024.jpg\",\"datePublished\":\"2024-05-02T08:16:39+00:00\",\"dateModified\":\"2024-05-14T14:21:01+00:00\",\"description\":\"eBook Steuertipps f\u00fcr Studierende - smartsteuer\",\"breadcrumb\":{\"@id\":\"https:\\\/\\\/www.k8s.stage.smartsteuer.dev\\\/online\\\/ebook-steuertipps-fuer-studierende\\\/#breadcrumb\"},\"inLanguage\":\"de\",\"potentialAction\":[{\"@type\":\"ReadAction\",\"target\":[\"https:\\\/\\\/www.k8s.stage.smartsteuer.dev\\\/online\\\/ebook-steuertipps-fuer-studierende\\\/\"]}]},{\"@type\":\"ImageObject\",\"inLanguage\":\"de\",\"@id\":\"https:\\\/\\\/www.k8s.stage.smartsteuer.dev\\\/online\\\/ebook-steuertipps-fuer-studierende\\\/#primaryimage\",\"url\":\"https:\\\/\\\/www.k8s.stage.smartsteuer.dev\\\/online\\\/wp-content\\\/uploads\\\/2024\\\/05\\\/smartsteuer-eBook-Studenten_Thumb-1.jpg\",\"contentUrl\":\"https:\\\/\\\/www.k8s.stage.smartsteuer.dev\\\/online\\\/wp-content\\\/uploads\\\/2024\\\/05\\\/smartsteuer-eBook-Studenten_Thumb-1.jpg\",\"width\":800,\"height\":1200,\"caption\":\"smartsteuer eBook Studierende\"},{\"@type\":\"BreadcrumbList\",\"@id\":\"https:\\\/\\\/www.k8s.stage.smartsteuer.dev\\\/online\\\/ebook-steuertipps-fuer-studierende\\\/#breadcrumb\",\"itemListElement\":[{\"@type\":\"ListItem\",\"position\":1,\"name\":\"Home\",\"item\":\"https:\\\/\\\/www.k8s.stage.smartsteuer.dev\\\/online\\\/\"},{\"@type\":\"ListItem\",\"position\":2,\"name\":\"eBook Steuertipps f\u00fcr Studierende\"}]},{\"@type\":\"WebSite\",\"@id\":\"https:\\\/\\\/www.smartsteuer.de\\\/online\\\/#website\",\"url\":\"https:\\\/\\\/www.smartsteuer.de\\\/online\\\/\",\"name\":\"smartsteuer\",\"description\":\"Steuererkl\u00e4rung 2021 online machen &amp; Steuern sparen\",\"publisher\":{\"@id\":\"https:\\\/\\\/www.smartsteuer.de\\\/online\\\/#organization\"},\"potentialAction\":[{\"@type\":\"SearchAction\",\"target\":{\"@type\":\"EntryPoint\",\"urlTemplate\":\"https:\\\/\\\/www.smartsteuer.de\\\/online\\\/?s={search_term_string}\"},\"query-input\":{\"@type\":\"PropertyValueSpecification\",\"valueRequired\":true,\"valueName\":\"search_term_string\"}}],\"inLanguage\":\"de\"},{\"@type\":\"Organization\",\"@id\":\"https:\\\/\\\/www.smartsteuer.de\\\/online\\\/#organization\",\"name\":\"smartsteuer GmbH\",\"url\":\"https:\\\/\\\/www.smartsteuer.de\\\/online\\\/\",\"logo\":{\"@type\":\"ImageObject\",\"inLanguage\":\"de\",\"@id\":\"https:\\\/\\\/www.smartsteuer.de\\\/online\\\/#\\\/schema\\\/logo\\\/image\\\/\",\"url\":\"https:\\\/\\\/www.k8s.stage.smartsteuer.dev\\\/online\\\/wp-content\\\/uploads\\\/2018\\\/10\\\/smartsteuer-logo.png\",\"contentUrl\":\"https:\\\/\\\/www.k8s.stage.smartsteuer.dev\\\/online\\\/wp-content\\\/uploads\\\/2018\\\/10\\\/smartsteuer-logo.png\",\"width\":250,\"height\":94,\"caption\":\"smartsteuer GmbH\"},\"image\":{\"@id\":\"https:\\\/\\\/www.smartsteuer.de\\\/online\\\/#\\\/schema\\\/logo\\\/image\\\/\"},\"sameAs\":[\"https:\\\/\\\/de-de.facebook.com\\\/smartsteuer\\\/\",\"https:\\\/\\\/x.com\\\/smartsteuer\",\"https:\\\/\\\/www.youtube.com\\\/channel\\\/UCu02GkFNrMRzwysT2SEmNrQ\"]}]}<\/script>\n<!-- \/ Yoast SEO Premium plugin. -->","yoast_head_json":{"title":"eBook Steuertipps f\u00fcr Studierende - smartsteuer","description":"eBook Steuertipps f\u00fcr Studierende - smartsteuer","robots":{"index":"noindex","follow":"nofollow"},"og_locale":"de_DE","og_type":"article","og_title":"eBook Steuertipps f\u00fcr Studierende","og_description":"eBook Steuertipps f\u00fcr Studierende - smartsteuer","og_url":"https:\/\/www.k8s.stage.smartsteuer.dev\/online\/ebook-steuertipps-fuer-studierende\/","og_site_name":"smartsteuer","article_publisher":"https:\/\/de-de.facebook.com\/smartsteuer\/","article_modified_time":"2024-05-14T14:21:01+00:00","og_image":[{"url":"https:\/\/www.k8s.stage.smartsteuer.dev\/online\/wp-content\/uploads\/2024\/05\/smartsteuer-eBook-Studenten_Thumb-1-683x1024.jpg","type":"","width":"","height":""}],"twitter_card":"summary_large_image","twitter_site":"@smartsteuer","twitter_misc":{"Gesch\u00e4tzte Lesezeit":"1\u00a0Minute"},"schema":{"@context":"https:\/\/schema.org","@graph":[{"@type":"WebPage","@id":"https:\/\/www.k8s.stage.smartsteuer.dev\/online\/ebook-steuertipps-fuer-studierende\/","url":"https:\/\/www.k8s.stage.smartsteuer.dev\/online\/ebook-steuertipps-fuer-studierende\/","name":"eBook Steuertipps f\u00fcr Studierende - smartsteuer","isPartOf":{"@id":"https:\/\/www.smartsteuer.de\/online\/#website"},"primaryImageOfPage":{"@id":"https:\/\/www.k8s.stage.smartsteuer.dev\/online\/ebook-steuertipps-fuer-studierende\/#primaryimage"},"image":{"@id":"https:\/\/www.k8s.stage.smartsteuer.dev\/online\/ebook-steuertipps-fuer-studierende\/#primaryimage"},"thumbnailUrl":"https:\/\/www.k8s.stage.smartsteuer.dev\/online\/wp-content\/uploads\/2024\/05\/smartsteuer-eBook-Studenten_Thumb-1-683x1024.jpg","datePublished":"2024-05-02T08:16:39+00:00","dateModified":"2024-05-14T14:21:01+00:00","description":"eBook Steuertipps f\u00fcr Studierende - smartsteuer","breadcrumb":{"@id":"https:\/\/www.k8s.stage.smartsteuer.dev\/online\/ebook-steuertipps-fuer-studierende\/#breadcrumb"},"inLanguage":"de","potentialAction":[{"@type":"ReadAction","target":["https:\/\/www.k8s.stage.smartsteuer.dev\/online\/ebook-steuertipps-fuer-studierende\/"]}]},{"@type":"ImageObject","inLanguage":"de","@id":"https:\/\/www.k8s.stage.smartsteuer.dev\/online\/ebook-steuertipps-fuer-studierende\/#primaryimage","url":"https:\/\/www.k8s.stage.smartsteuer.dev\/online\/wp-content\/uploads\/2024\/05\/smartsteuer-eBook-Studenten_Thumb-1.jpg","contentUrl":"https:\/\/www.k8s.stage.smartsteuer.dev\/online\/wp-content\/uploads\/2024\/05\/smartsteuer-eBook-Studenten_Thumb-1.jpg","width":800,"height":1200,"caption":"smartsteuer eBook Studierende"},{"@type":"BreadcrumbList","@id":"https:\/\/www.k8s.stage.smartsteuer.dev\/online\/ebook-steuertipps-fuer-studierende\/#breadcrumb","itemListElement":[{"@type":"ListItem","position":1,"name":"Home","item":"https:\/\/www.k8s.stage.smartsteuer.dev\/online\/"},{"@type":"ListItem","position":2,"name":"eBook Steuertipps f\u00fcr Studierende"}]},{"@type":"WebSite","@id":"https:\/\/www.smartsteuer.de\/online\/#website","url":"https:\/\/www.smartsteuer.de\/online\/","name":"smartsteuer","description":"Steuererkl\u00e4rung 2021 online machen &amp; Steuern sparen","publisher":{"@id":"https:\/\/www.smartsteuer.de\/online\/#organization"},"potentialAction":[{"@type":"SearchAction","target":{"@type":"EntryPoint","urlTemplate":"https:\/\/www.smartsteuer.de\/online\/?s={search_term_string}"},"query-input":{"@type":"PropertyValueSpecification","valueRequired":true,"valueName":"search_term_string"}}],"inLanguage":"de"},{"@type":"Organization","@id":"https:\/\/www.smartsteuer.de\/online\/#organization","name":"smartsteuer GmbH","url":"https:\/\/www.smartsteuer.de\/online\/","logo":{"@type":"ImageObject","inLanguage":"de","@id":"https:\/\/www.smartsteuer.de\/online\/#\/schema\/logo\/image\/","url":"https:\/\/www.k8s.stage.smartsteuer.dev\/online\/wp-content\/uploads\/2018\/10\/smartsteuer-logo.png","contentUrl":"https:\/\/www.k8s.stage.smartsteuer.dev\/online\/wp-content\/uploads\/2018\/10\/smartsteuer-logo.png","width":250,"height":94,"caption":"smartsteuer GmbH"},"image":{"@id":"https:\/\/www.smartsteuer.de\/online\/#\/schema\/logo\/image\/"},"sameAs":["https:\/\/de-de.facebook.com\/smartsteuer\/","https:\/\/x.com\/smartsteuer","https:\/\/www.youtube.com\/channel\/UCu02GkFNrMRzwysT2SEmNrQ"]}]}},"_links":{"self":[{"href":"https:\/\/www.k8s.stage.smartsteuer.dev\/online\/wp-json\/wp\/v2\/pages\/50059","targetHints":{"allow":["GET"]}}],"collection":[{"href":"https:\/\/www.k8s.stage.smartsteuer.dev\/online\/wp-json\/wp\/v2\/pages"}],"about":[{"href":"https:\/\/www.k8s.stage.smartsteuer.dev\/online\/wp-json\/wp\/v2\/types\/page"}],"author":[{"embeddable":true,"href":"https:\/\/www.k8s.stage.smartsteuer.dev\/online\/wp-json\/wp\/v2\/users\/47"}],"replies":[{"embeddable":true,"href":"https:\/\/www.k8s.stage.smartsteuer.dev\/online\/wp-json\/wp\/v2\/comments?post=50059"}],"version-history":[{"count":8,"href":"https:\/\/www.k8s.stage.smartsteuer.dev\/online\/wp-json\/wp\/v2\/pages\/50059\/revisions"}],"predecessor-version":[{"id":63050,"href":"https:\/\/www.k8s.stage.smartsteuer.dev\/online\/wp-json\/wp\/v2\/pages\/50059\/revisions\/63050"}],"wp:attachment":[{"href":"https:\/\/www.k8s.stage.smartsteuer.dev\/online\/wp-json\/wp\/v2\/media?parent=50059"}],"curies":[{"name":"wp","href":"https:\/\/api.w.org\/{rel}","templated":true}]}}