{"id":70417,"date":"2026-01-07T15:45:34","date_gmt":"2026-01-07T13:45:34","guid":{"rendered":"https:\/\/www.k8s.stage.smartsteuer.dev\/online\/?page_id=70417"},"modified":"2026-01-07T15:47:44","modified_gmt":"2026-01-07T13:47:44","slug":"smartsteuer-steuerreport-2026","status":"publish","type":"page","link":"https:\/\/www.k8s.stage.smartsteuer.dev\/online\/smartsteuer-steuerreport-2026\/","title":{"rendered":"smartsteuer-Steuerreport 2026"},"content":{"rendered":"<div class=\"sui-sheet-wrapper\">\n\t<section class=\"lb-section sui-sheet--up-flat sui-sheet-padding-flat sui-theme-bright\">\n\t\t<div class=\"sui-container \">\n\t\t\t<\/p>\n<h1>smartsteuer-Steuerreport 2026<\/h1>\n<p>Welches Finanzamt ist das schnellste, welches das langsamste und in welchem Bundesland gibt es die h\u00f6chste Steuererstattung? Diese und einige weitere Zahlen, Daten und Fakten haben wir f\u00fcr Sie herausgefunden!<\/p>\n<h3>Top 10 der schnellsten Finanz\u00e4mter:<\/h3>\n<ol>\n<li>Schwalm-Eder Verwaltungsstelle Schwalmstadt: 22 Tage (Median: 21 Tage)<br \/>\nLimburg-Weilburg Verwaltungsstelle Weilburg: 26 Tage (Median: 24 Tage)<br \/>\nMindelheim Au\u00dfenstelle Memmingen-Mindelheim: 34 Tage (Median: 21 Tage)<br \/>\nLimburg-Weilburg Verwaltungsstelle Limburg: 36 Tage (Median 25 Tage)<br \/>\nBottrop: 36 Tage (Median: 26 Tage)<br \/>\nPlauen: 37 Tage (Median: 28 Tage)<br \/>\nBrilon: 38 Tage (Median: 28 Tage)<br \/>\nBensheim: 38 Tage (Median 17 Tage)<br \/>\nOlpe: 39 Tage (Median: 25 Tage)<br \/>\nKaufbeuren m. Au\u00dfenstelle F\u00fcssen: 39 Tage (Median: 28 Tage)<\/li>\n<\/ol>\n<h3>Top 10 der langsamsten Finanz\u00e4mter:<\/h3>\n<ol>\n<li>Korbach-Frankenberg Verwaltungsstelle Frankenberg: 119 Tage (Median 126 Tage)<br \/>\nPotsdam: 113 Tage (Median 81 Tage)<br \/>\nBaden-Baden: 98 Tage (Median 73 Tage)<br \/>\nMarburg-Biedenkopf Verwaltungsstelle Biedenkopf: 98 Tage (Median 88 Tage)<br \/>\nCalau: 94 Tage (Median 90 Tage)<br \/>\nHagenow: 89 Tage (Median 79 Tage)<br \/>\nMerzig: 89 Tage (Median 79 Tage)<br \/>\nAlsfeld-Lauterbach Verwaltungsstelle Lauterbach: 86 Tage (Median 86 Tage)<br \/>\nLandsberg: 86 Tage (Median 76 Tage)<br \/>\nBurghausen: 82 Tage (Median 65 Tage)<\/li>\n<\/ol>\n<h3>Sie m\u00f6chten wissen, wie Ihr zust\u00e4ndiges Finanzamt abgeschnitten hat?<\/h3>\n<p>Die Liste der Bearbeitungszeiten aller Finanz\u00e4mter finden Sie hier.<\/p>\n<p>\n\t\t<\/div>\n\t<\/section>\n<\/div>\n<div class=\"sui-sheet-wrapper\">\n\t<section class=\"lb-section sui-sheet--up-flat sui-sheet-padding-flat sui-theme-bright\">\n\t\t<div class=\"sui-container \">\n\t\t\t<\/p>\n<h3>Durchschnittliche Erstattungen je Bundesland:<\/h3>\n<p>Hamburg: 1.615 \u20ac<br \/>\nHessen: 1.566 \u20ac<br \/>\nBaden-W\u00fcrttemberg: 1.499 \u20ac<br \/>\nNordrhein-Westfalen: 1.488 \u20ac<br \/>\nBerlin: 1.486 \u20ac<br \/>\nBayern: 1.476 \u20ac<br \/>\nRheinland-Pfalz: 1.412 \u20ac<br \/>\nBrandenburg: 1.405 \u20ac<br \/>\nSchleswig-Holstein: 1.383 \u20ac<br \/>\nNiedersachsen: 1.368 \u20ac<br \/>\nBremen: 1.321 \u20ac<br \/>\nSaarland: 1.259 \u20ac<br \/>\nMecklenburg-Vorpommern: 1.156 \u20ac<br \/>\nSachsen: 1.141 \u20ac<br \/>\nTh\u00fcringen: 1.128 \u20ac<br \/>\nSachsen-Anhalt: 1.124 \u20ac<\/p>\n<p><a class=\"lb-link sui-button-ghost\" href=\"https:\/\/www.smartsteuer.de\/online\/wp-content\/uploads\/2026\/01\/2026_smartsteuer_Steuerreport_Erstattung-nach-Bundesland-scaled.jpg\">Grafik herunterladen<i class=\"fa-solid fa-chevron-right\" aria-hidden=\"true\"><\/i><\/a><\/p>\n<h3>Durchschnittliche Erstattung f\u00fcr smartsteuer-Kunden:<\/h3>\n<p><a class=\"lb-link sui-button-ghost\" href=\"https:\/\/www.smartsteuer.de\/online\/wp-content\/uploads\/2026\/01\/2026_smartsteuer_Steuerreport_Durchschnittlicher-Erstattugsbetrag-scaled.jpg\">Grafik herunterladen<i class=\"fa-solid fa-chevron-right\" aria-hidden=\"true\"><\/i><\/a><\/p>\n<p><i class=\"lb-big-icon fa-solid fa-sack-dollar\" style=\"color:var(--sui-color-electric-600)\"><\/i><\/p>\n<h3>Maximale Steuererstattung national:<\/h3>\n<p>Mehr als 213.000 \u20ac gab es als h\u00f6chste Einzelerstattung in\u00a0Baden-W\u00fcrttemberg zur\u00fcck.<\/p>\n<p>\n\t\t<\/div>\n\t<\/section>\n<\/div>\n<div class=\"sui-sheet-wrapper\">\n\t<section class=\"lb-section sui-sheet--up-flat sui-sheet-padding-flat sui-theme-bright\">\n\t\t<div class=\"sui-container \">\n\t\t\t<\/p>\n<h3>Bearbeitungsdauer der Steuererkl\u00e4rung je Monat:<\/h3>\n<p>M\u00e4rz: 43 Tage<br \/>\nApril: 46 Tage<br \/>\nMai: 48 Tage<br \/>\nJuni: 52 Tage<br \/>\nJuli: 53 Tage<br \/>\nFebruar: 54 Tage<br \/>\nOktober: 58 Tage<br \/>\nDezember: 58 Tage<br \/>\nNovember: 61 Tage<br \/>\nJanuar: 68 Tage<br \/>\nSeptember: 71 Tage<br \/>\nAugust: 80 Tage<\/p>\n<p>\n\t\t<\/div>\n\t<\/section>\n<\/div>\n<div class=\"sui-sheet-wrapper\">\n\t<section class=\"lb-section sui-sheet--up-flat sui-sheet-padding-flat sui-theme-bright\">\n\t\t<div class=\"sui-container \">\n\t\t\t<\/p>\n<h3>Erste Abgabe einer Steuererkl\u00e4rung im Jahr 2026:<\/h3>\n<p>01.01.2026 um 00:00:07 Uhr<\/p>\n<p>\n\t\t<\/div>\n\t<\/section>\n<\/div>\n<div class=\"sui-sheet-wrapper\">\n\t<section class=\"lb-section sui-sheet--up-flat sui-sheet-padding-flat sui-theme-bright\">\n\t\t<div class=\"sui-container \">\n\t\t\t<\/p>\n<h3>Sie haben Fragen zum Steuerreport 2026?<\/h3>\n<p>Schreiben Sie gerne eine E-Mail an presse@smartsteuer.de<\/p>\n<p><a class=\"lb-link sui-button-ghost\" href=\"https:\/\/www.smartsteuer.de\/online\/presse\/\">Zur Presseseite von smartsteuer<i class=\"fa-solid fa-chevron-right\" aria-hidden=\"true\"><\/i><\/a><\/p>\n<p><div class=\"lb-inline-box p-4 p-lg-5 my-4 my-sm-5 sui-rounded-corners lb-bg-lightblue\"><\/p>\n<h3>Informationen zur Datenerhebung:<\/h3>\n<p>Grundlage f\u00fcr den smartsteuer Steuerreport waren die Abgaben aller Steuererkl\u00e4rungen, die im abgelaufenen Jahr 2025 von den Bundesb\u00fcrger:innen digital via smartsteuer \u00fcbermittelt wurden. Dies war ein hoher sechsstelliger Betrag. Die Daten wurden anonymisiert und lediglich zu statistischen Zwecken ausgewertet.<\/p>\n<p><\/div>\n\t\t<\/div>\n\t<\/section>\n<\/div>\n","protected":false},"excerpt":{"rendered":"","protected":false},"author":16,"featured_media":0,"parent":0,"menu_order":0,"comment_status":"closed","ping_status":"closed","template":"landingpage-template.php","meta":{"_acf_changed":false,"footnotes":""},"class_list":["post-70417","page","type-page","status-publish","hentry"],"acf":[],"yoast_head":"<!-- This site is optimized with the Yoast SEO Premium plugin v21.0 (Yoast SEO v27.5) - https:\/\/yoast.com\/product\/yoast-seo-premium-wordpress\/ -->\n<title>smartsteuer-Steuerreport 2026 - smartsteuer<\/title>\n<meta name=\"description\" content=\"smartsteuer-Steuerreport 2026 - smartsteuer\" \/>\n<meta name=\"robots\" content=\"noindex, follow\" \/>\n<meta property=\"og:locale\" content=\"de_DE\" \/>\n<meta property=\"og:type\" content=\"article\" \/>\n<meta property=\"og:title\" content=\"smartsteuer-Steuerreport 2026\" \/>\n<meta property=\"og:description\" content=\"smartsteuer-Steuerreport 2026 - smartsteuer\" \/>\n<meta property=\"og:url\" content=\"https:\/\/www.k8s.stage.smartsteuer.dev\/online\/smartsteuer-steuerreport-2026\/\" \/>\n<meta property=\"og:site_name\" content=\"smartsteuer\" \/>\n<meta property=\"article:publisher\" content=\"https:\/\/de-de.facebook.com\/smartsteuer\/\" \/>\n<meta property=\"article:modified_time\" content=\"2026-01-07T13:47:44+00:00\" \/>\n<meta name=\"twitter:card\" content=\"summary_large_image\" \/>\n<meta name=\"twitter:site\" content=\"@smartsteuer\" \/>\n<meta name=\"twitter:label1\" content=\"Gesch\u00e4tzte Lesezeit\" \/>\n\t<meta name=\"twitter:data1\" content=\"3\u00a0Minuten\" \/>\n<script type=\"application\/ld+json\" class=\"yoast-schema-graph\">{\"@context\":\"https:\\\/\\\/schema.org\",\"@graph\":[{\"@type\":\"WebPage\",\"@id\":\"https:\\\/\\\/www.k8s.stage.smartsteuer.dev\\\/online\\\/smartsteuer-steuerreport-2026\\\/\",\"url\":\"https:\\\/\\\/www.k8s.stage.smartsteuer.dev\\\/online\\\/smartsteuer-steuerreport-2026\\\/\",\"name\":\"smartsteuer-Steuerreport 2026 - smartsteuer\",\"isPartOf\":{\"@id\":\"https:\\\/\\\/www.smartsteuer.de\\\/online\\\/#website\"},\"datePublished\":\"2026-01-07T13:45:34+00:00\",\"dateModified\":\"2026-01-07T13:47:44+00:00\",\"description\":\"smartsteuer-Steuerreport 2026 - smartsteuer\",\"breadcrumb\":{\"@id\":\"https:\\\/\\\/www.k8s.stage.smartsteuer.dev\\\/online\\\/smartsteuer-steuerreport-2026\\\/#breadcrumb\"},\"inLanguage\":\"de\",\"potentialAction\":[{\"@type\":\"ReadAction\",\"target\":[\"https:\\\/\\\/www.k8s.stage.smartsteuer.dev\\\/online\\\/smartsteuer-steuerreport-2026\\\/\"]}]},{\"@type\":\"BreadcrumbList\",\"@id\":\"https:\\\/\\\/www.k8s.stage.smartsteuer.dev\\\/online\\\/smartsteuer-steuerreport-2026\\\/#breadcrumb\",\"itemListElement\":[{\"@type\":\"ListItem\",\"position\":1,\"name\":\"Home\",\"item\":\"https:\\\/\\\/www.k8s.stage.smartsteuer.dev\\\/online\\\/\"},{\"@type\":\"ListItem\",\"position\":2,\"name\":\"smartsteuer-Steuerreport 2026\"}]},{\"@type\":\"WebSite\",\"@id\":\"https:\\\/\\\/www.smartsteuer.de\\\/online\\\/#website\",\"url\":\"https:\\\/\\\/www.smartsteuer.de\\\/online\\\/\",\"name\":\"smartsteuer\",\"description\":\"Steuererkl\u00e4rung 2021 online machen &amp; Steuern sparen\",\"publisher\":{\"@id\":\"https:\\\/\\\/www.smartsteuer.de\\\/online\\\/#organization\"},\"potentialAction\":[{\"@type\":\"SearchAction\",\"target\":{\"@type\":\"EntryPoint\",\"urlTemplate\":\"https:\\\/\\\/www.smartsteuer.de\\\/online\\\/?s={search_term_string}\"},\"query-input\":{\"@type\":\"PropertyValueSpecification\",\"valueRequired\":true,\"valueName\":\"search_term_string\"}}],\"inLanguage\":\"de\"},{\"@type\":\"Organization\",\"@id\":\"https:\\\/\\\/www.smartsteuer.de\\\/online\\\/#organization\",\"name\":\"smartsteuer GmbH\",\"url\":\"https:\\\/\\\/www.smartsteuer.de\\\/online\\\/\",\"logo\":{\"@type\":\"ImageObject\",\"inLanguage\":\"de\",\"@id\":\"https:\\\/\\\/www.smartsteuer.de\\\/online\\\/#\\\/schema\\\/logo\\\/image\\\/\",\"url\":\"https:\\\/\\\/www.k8s.stage.smartsteuer.dev\\\/online\\\/wp-content\\\/uploads\\\/2018\\\/10\\\/smartsteuer-logo.png\",\"contentUrl\":\"https:\\\/\\\/www.k8s.stage.smartsteuer.dev\\\/online\\\/wp-content\\\/uploads\\\/2018\\\/10\\\/smartsteuer-logo.png\",\"width\":250,\"height\":94,\"caption\":\"smartsteuer GmbH\"},\"image\":{\"@id\":\"https:\\\/\\\/www.smartsteuer.de\\\/online\\\/#\\\/schema\\\/logo\\\/image\\\/\"},\"sameAs\":[\"https:\\\/\\\/de-de.facebook.com\\\/smartsteuer\\\/\",\"https:\\\/\\\/x.com\\\/smartsteuer\",\"https:\\\/\\\/www.youtube.com\\\/channel\\\/UCu02GkFNrMRzwysT2SEmNrQ\"]}]}<\/script>\n<!-- \/ Yoast SEO Premium plugin. -->","yoast_head_json":{"title":"smartsteuer-Steuerreport 2026 - smartsteuer","description":"smartsteuer-Steuerreport 2026 - smartsteuer","robots":{"index":"noindex","follow":"follow"},"og_locale":"de_DE","og_type":"article","og_title":"smartsteuer-Steuerreport 2026","og_description":"smartsteuer-Steuerreport 2026 - smartsteuer","og_url":"https:\/\/www.k8s.stage.smartsteuer.dev\/online\/smartsteuer-steuerreport-2026\/","og_site_name":"smartsteuer","article_publisher":"https:\/\/de-de.facebook.com\/smartsteuer\/","article_modified_time":"2026-01-07T13:47:44+00:00","twitter_card":"summary_large_image","twitter_site":"@smartsteuer","twitter_misc":{"Gesch\u00e4tzte Lesezeit":"3\u00a0Minuten"},"schema":{"@context":"https:\/\/schema.org","@graph":[{"@type":"WebPage","@id":"https:\/\/www.k8s.stage.smartsteuer.dev\/online\/smartsteuer-steuerreport-2026\/","url":"https:\/\/www.k8s.stage.smartsteuer.dev\/online\/smartsteuer-steuerreport-2026\/","name":"smartsteuer-Steuerreport 2026 - smartsteuer","isPartOf":{"@id":"https:\/\/www.smartsteuer.de\/online\/#website"},"datePublished":"2026-01-07T13:45:34+00:00","dateModified":"2026-01-07T13:47:44+00:00","description":"smartsteuer-Steuerreport 2026 - smartsteuer","breadcrumb":{"@id":"https:\/\/www.k8s.stage.smartsteuer.dev\/online\/smartsteuer-steuerreport-2026\/#breadcrumb"},"inLanguage":"de","potentialAction":[{"@type":"ReadAction","target":["https:\/\/www.k8s.stage.smartsteuer.dev\/online\/smartsteuer-steuerreport-2026\/"]}]},{"@type":"BreadcrumbList","@id":"https:\/\/www.k8s.stage.smartsteuer.dev\/online\/smartsteuer-steuerreport-2026\/#breadcrumb","itemListElement":[{"@type":"ListItem","position":1,"name":"Home","item":"https:\/\/www.k8s.stage.smartsteuer.dev\/online\/"},{"@type":"ListItem","position":2,"name":"smartsteuer-Steuerreport 2026"}]},{"@type":"WebSite","@id":"https:\/\/www.smartsteuer.de\/online\/#website","url":"https:\/\/www.smartsteuer.de\/online\/","name":"smartsteuer","description":"Steuererkl\u00e4rung 2021 online machen &amp; Steuern sparen","publisher":{"@id":"https:\/\/www.smartsteuer.de\/online\/#organization"},"potentialAction":[{"@type":"SearchAction","target":{"@type":"EntryPoint","urlTemplate":"https:\/\/www.smartsteuer.de\/online\/?s={search_term_string}"},"query-input":{"@type":"PropertyValueSpecification","valueRequired":true,"valueName":"search_term_string"}}],"inLanguage":"de"},{"@type":"Organization","@id":"https:\/\/www.smartsteuer.de\/online\/#organization","name":"smartsteuer GmbH","url":"https:\/\/www.smartsteuer.de\/online\/","logo":{"@type":"ImageObject","inLanguage":"de","@id":"https:\/\/www.smartsteuer.de\/online\/#\/schema\/logo\/image\/","url":"https:\/\/www.k8s.stage.smartsteuer.dev\/online\/wp-content\/uploads\/2018\/10\/smartsteuer-logo.png","contentUrl":"https:\/\/www.k8s.stage.smartsteuer.dev\/online\/wp-content\/uploads\/2018\/10\/smartsteuer-logo.png","width":250,"height":94,"caption":"smartsteuer GmbH"},"image":{"@id":"https:\/\/www.smartsteuer.de\/online\/#\/schema\/logo\/image\/"},"sameAs":["https:\/\/de-de.facebook.com\/smartsteuer\/","https:\/\/x.com\/smartsteuer","https:\/\/www.youtube.com\/channel\/UCu02GkFNrMRzwysT2SEmNrQ"]}]}},"_links":{"self":[{"href":"https:\/\/www.k8s.stage.smartsteuer.dev\/online\/wp-json\/wp\/v2\/pages\/70417","targetHints":{"allow":["GET"]}}],"collection":[{"href":"https:\/\/www.k8s.stage.smartsteuer.dev\/online\/wp-json\/wp\/v2\/pages"}],"about":[{"href":"https:\/\/www.k8s.stage.smartsteuer.dev\/online\/wp-json\/wp\/v2\/types\/page"}],"author":[{"embeddable":true,"href":"https:\/\/www.k8s.stage.smartsteuer.dev\/online\/wp-json\/wp\/v2\/users\/16"}],"replies":[{"embeddable":true,"href":"https:\/\/www.k8s.stage.smartsteuer.dev\/online\/wp-json\/wp\/v2\/comments?post=70417"}],"version-history":[{"count":3,"href":"https:\/\/www.k8s.stage.smartsteuer.dev\/online\/wp-json\/wp\/v2\/pages\/70417\/revisions"}],"predecessor-version":[{"id":70423,"href":"https:\/\/www.k8s.stage.smartsteuer.dev\/online\/wp-json\/wp\/v2\/pages\/70417\/revisions\/70423"}],"wp:attachment":[{"href":"https:\/\/www.k8s.stage.smartsteuer.dev\/online\/wp-json\/wp\/v2\/media?parent=70417"}],"curies":[{"name":"wp","href":"https:\/\/api.w.org\/{rel}","templated":true}]}}